{"id":46,"date":"2023-10-17T08:54:50","date_gmt":"2023-10-17T06:54:50","guid":{"rendered":"https:\/\/www.elektro-bechtold.com\/?page_id=46"},"modified":"2024-02-12T10:27:52","modified_gmt":"2024-02-12T09:27:52","slug":"elektromobilitaet","status":"publish","type":"page","link":"https:\/\/www.elektro-bechtold.com\/en\/leistungen\/elektromobilitaet\/","title":{"rendered":"Electromobility"},"content":{"rendered":"<p>[et_pb_section fb_built=&#8220;1&#8243; admin_label=&#8220;#einleitung-leistungen&#8220; module_id=&#8220;einleitung-leistungen&#8220; _builder_version=&#8220;4.23.1&#8243; _module_preset=&#8220;default&#8220; custom_padding=&#8220;15px||||false|false&#8220; global_colors_info=&#8220;{}&#8220;][et_pb_row column_structure=&#8220;3_5,2_5&#8243; _builder_version=&#8220;4.24.0&#8243; _module_preset=&#8220;default&#8220; animation_style=&#8220;zoom&#8220; animation_duration=&#8220;800ms&#8220; hover_enabled=&#8220;0&#8243; global_colors_info=&#8220;{}&#8220; animation_direction=&#8220;left&#8220; sticky_enabled=&#8220;0&#8243;][et_pb_column type=&#8220;3_5&#8243; _builder_version=&#8220;4.23.1&#8243; _module_preset=&#8220;default&#8220; global_colors_info=&#8220;{}&#8220;][et_pb_text _builder_version=&#8220;4.23.1&#8243; _module_preset=&#8220;default&#8220; text_line_height=&#8220;1.55em&#8220; header_font_size=&#8220;50px&#8220; header_line_height=&#8220;1.1em&#8220; global_colors_info=&#8220;{}&#8220;]<\/p>\n<h1>Willkommen in der Zukunft der <span style=\"color: #820f4d;\">Mobilit\u00e4t und Energie<\/span>!<\/h1>\n<p>In einer Welt, die sich rasant in Richtung Nachhaltigkeit bewegt, sind Elektromobilit\u00e4t und erneuerbare Energiequellen mehr als nur Trends &#8211; sie sind die Schl\u00fcssel zur Schaffung einer sauberen und gr\u00fcnen Umwelt. Wir bieten Ihnen erstklassige L\u00f6sungen im Bereich Elektromobilit\u00e4t..[\/et_pb_text][dsm_button button_one_text=&#8220;Unsere Leistungen&#8220; button_one_url=&#8220;#unsere-leistungen&#8220; button_two_text=&#8220;Warum wir&#8220; button_two_url=&#8220;#warum-uns-waehlen&#8220; _builder_version=&#8220;4.23.1&#8243; _module_preset=&#8220;default&#8220; global_colors_info=&#8220;{}&#8220;][\/dsm_button][\/et_pb_column][et_pb_column type=&#8220;2_5&#8243; _builder_version=&#8220;4.23.1&#8243; _module_preset=&#8220;default&#8220; global_colors_info=&#8220;{}&#8220;][et_pb_image src=&#8220;https:\/\/www.elektro-bechtold.com\/wp-content\/uploads\/2023\/10\/qyymok2yfx8.jpg&#8220; alt=&#8220;a man pumping gas into his car at a gas station&#8220; title_text=&#8220;Photo by Evnex Ltd&#8220; _builder_version=&#8220;4.23.1&#8243; _module_preset=&#8220;default&#8220; border_radii=&#8220;on|3px|3px|3px|3px&#8220; global_colors_info=&#8220;{}&#8220;][\/et_pb_image][\/et_pb_column][\/et_pb_row][\/et_pb_section][et_pb_section fb_built=&#8220;1&#8243; admin_label=&#8220;#unsere-leistungen&#8220; module_id=&#8220;unsere-leistungen&#8220; _builder_version=&#8220;4.23.1&#8243; _module_preset=&#8220;default&#8220; background_color=&#8220;rgba(205,225,222,0.5)&#8220; global_colors_info=&#8220;{}&#8220;][et_pb_row _builder_version=&#8220;4.24.0&#8243; _module_preset=&#8220;default&#8220; animation_style=&#8220;zoom&#8220; global_colors_info=&#8220;{}&#8220;][et_pb_column type=&#8220;4_4&#8243; _builder_version=&#8220;4.23.1&#8243; _module_preset=&#8220;default&#8220; global_colors_info=&#8220;{}&#8220;][et_pb_text _builder_version=&#8220;4.23.1&#8243; _module_preset=&#8220;default&#8220; header_2_text_align=&#8220;center&#8220; global_colors_info=&#8220;{}&#8220;]<\/p>\n<h2>Unsere Leistungen<\/h2>\n<p>[\/et_pb_text][\/et_pb_column][\/et_pb_row][et_pb_row column_structure=&#8220;1_2,1_2&#8243; _builder_version=&#8220;4.24.0&#8243; _module_preset=&#8220;default&#8220; animation_style=&#8220;slide&#8220; animation_direction=&#8220;right&#8220; scroll_vertical_motion=&#8220;0|20|20|100|4|0|-4&#8243; motion_trigger_start=&#8220;top&#8220; global_colors_info=&#8220;{}&#8220;][et_pb_column type=&#8220;1_2&#8243; _builder_version=&#8220;4.23.1&#8243; _module_preset=&#8220;default&#8220; global_colors_info=&#8220;{}&#8220;][et_pb_blurb title=&#8220;Ladesystem-Installation&#8220; use_icon=&#8220;on&#8220; font_icon=&#8220;&#xf7f7;||fa||900&#8243; _builder_version=&#8220;4.23.1&#8243; _module_preset=&#8220;default&#8220; body_line_height=&#8220;1.55em&#8220; global_colors_info=&#8220;{}&#8220;]Mit unseren intelligenten Ladesystemen bringen wir die Zukunft direkt zu Ihnen nach Hause oder ins Unternehmen. Schnellladestationen f\u00fcr Elektrofahrzeuge, die nicht nur leistungsstark sind, sondern auch elegant und benutzerfreundlich. Ihr Elektrofahrzeug war nie zuvor so einfach aufzuladen.[\/et_pb_blurb][\/et_pb_column][et_pb_column type=&#8220;1_2&#8243; _builder_version=&#8220;4.23.1&#8243; _module_preset=&#8220;default&#8220; global_colors_info=&#8220;{}&#8220;][et_pb_blurb title=&#8220;Umweltbewusstsein und Nachhaltigkeit&#8220; use_icon=&#8220;on&#8220; font_icon=&#8220;&#xf299;||fa||400&#8243; _builder_version=&#8220;4.23.1&#8243; _module_preset=&#8220;default&#8220; body_line_height=&#8220;1.55em&#8220; global_colors_info=&#8220;{}&#8220;]<\/p>\n<p>Indem Sie auf Elektromobilit\u00e4t umsteigen, tragen Sie aktiv zur Reduzierung von CO2-Emissionen bei und gestalten eine nachhaltigere Zukunft f\u00fcr kommende Generationen mit.<\/p>\n<p>[\/et_pb_blurb][\/et_pb_column][\/et_pb_row][\/et_pb_section][et_pb_section fb_built=&#8220;1&#8243; _builder_version=&#8220;4.23.1&#8243; _module_preset=&#8220;default&#8220; custom_padding=&#8220;0px||0px||true|false&#8220; global_colors_info=&#8220;{}&#8220;][et_pb_row column_structure=&#8220;1_2,1_2&#8243; use_custom_gutter=&#8220;on&#8220; gutter_width=&#8220;1&#8243; make_equal=&#8220;on&#8220; _builder_version=&#8220;4.23.1&#8243; _module_preset=&#8220;default&#8220; width=&#8220;100%&#8220; max_width=&#8220;100%&#8220; custom_padding=&#8220;0px||0px||true|false&#8220; global_colors_info=&#8220;{}&#8220;][et_pb_column type=&#8220;1_2&#8243; _builder_version=&#8220;4.23.1&#8243; _module_preset=&#8220;default&#8220; background_image=&#8220;https:\/\/www.elektro-bechtold.com\/wp-content\/uploads\/2020\/03\/mennekes_home_dsf8248_s3-1.jpg&#8220; parallax=&#8220;on&#8220; custom_padding=&#8220;175px||175px||true|false&#8220; global_colors_info=&#8220;{}&#8220;][\/et_pb_column][et_pb_column type=&#8220;1_2&#8243; _builder_version=&#8220;4.23.1&#8243; _module_preset=&#8220;default&#8220; background_image=&#8220;https:\/\/www.elektro-bechtold.com\/wp-content\/uploads\/2017\/08\/Elektromobilitaet@2x.jpg&#8220; parallax=&#8220;on&#8220; custom_padding=&#8220;125px||125px||true|false&#8220; global_colors_info=&#8220;{}&#8220;][\/et_pb_column][\/et_pb_row][\/et_pb_section][et_pb_section fb_built=&#8220;1&#8243; admin_label=&#8220;#warum-uns-waehlen&#8220; module_id=&#8220;warum-uns-waehlen&#8220; _builder_version=&#8220;4.23.1&#8243; _module_preset=&#8220;default&#8220; background_enable_color=&#8220;off&#8220; global_colors_info=&#8220;{}&#8220;][et_pb_row _builder_version=&#8220;4.23.1&#8243; _module_preset=&#8220;default&#8220; global_colors_info=&#8220;{}&#8220;][et_pb_column type=&#8220;4_4&#8243; _builder_version=&#8220;4.23.1&#8243; _module_preset=&#8220;default&#8220; global_colors_info=&#8220;{}&#8220;][et_pb_text _builder_version=&#8220;4.23.1&#8243; _module_preset=&#8220;default&#8220; header_2_text_align=&#8220;center&#8220; global_colors_info=&#8220;{}&#8220;]<\/p>\n<h2>Warum uns w\u00e4hlen<\/h2>\n<p>[\/et_pb_text][\/et_pb_column][\/et_pb_row][et_pb_row column_structure=&#8220;1_2,1_2&#8243; _builder_version=&#8220;4.23.1&#8243; _module_preset=&#8220;default&#8220; global_colors_info=&#8220;{}&#8220;][et_pb_column type=&#8220;1_2&#8243; _builder_version=&#8220;4.23.1&#8243; _module_preset=&#8220;default&#8220; global_colors_info=&#8220;{}&#8220;][et_pb_blurb title=&#8220;Expertise und Innovation&#8220; use_icon=&#8220;on&#8220; font_icon=&#8220;&#xe072;||divi||400&#8243; _builder_version=&#8220;4.23.1&#8243; _module_preset=&#8220;default&#8220; body_line_height=&#8220;1.55em&#8220; global_colors_info=&#8220;{}&#8220;]<\/p>\n<p>Unser Team besteht aus Experten, die \u00fcber das n\u00f6tige Know-how f\u00fcr Elektromobilit\u00e4t verf\u00fcgen. Wir setzen auf innovative Technologien, um Ihnen stets die besten L\u00f6sungen zu bieten.<\/p>\n<p>[\/et_pb_blurb][\/et_pb_column][et_pb_column type=&#8220;1_2&#8243; _builder_version=&#8220;4.23.1&#8243; _module_preset=&#8220;default&#8220; global_colors_info=&#8220;{}&#8220;][et_pb_blurb title=&#8220;Kundenzentrierter Ansatz&#8220; use_icon=&#8220;on&#8220; font_icon=&#8220;&#xf4fc;||fa||900&#8243; _builder_version=&#8220;4.23.1&#8243; _module_preset=&#8220;default&#8220; body_line_height=&#8220;1.55em&#8220; global_colors_info=&#8220;{}&#8220;]<\/p>\n<p>Ihre Bed\u00fcrfnisse stehen im Mittelpunkt unserer Arbeit. Wir h\u00f6ren zu, verstehen Ihre Anforderungen und entwickeln ma\u00dfgeschneiderte L\u00f6sungen, die zu Ihnen passen.<\/p>\n<p>[\/et_pb_blurb][\/et_pb_column][\/et_pb_row][et_pb_row column_structure=&#8220;1_2,1_2&#8243; _builder_version=&#8220;4.23.1&#8243; _module_preset=&#8220;default&#8220; global_colors_info=&#8220;{}&#8220;][et_pb_column type=&#8220;1_2&#8243; _builder_version=&#8220;4.23.1&#8243; _module_preset=&#8220;default&#8220; global_colors_info=&#8220;{}&#8220;][et_pb_blurb title=&#8220;Nachhaltige Partnerschaft&#8220; use_icon=&#8220;on&#8220; font_icon=&#8220;&#xf2b5;||fa||400&#8243; _builder_version=&#8220;4.23.1&#8243; _module_preset=&#8220;default&#8220; body_line_height=&#8220;1.55em&#8220; global_colors_info=&#8220;{}&#8220;]Wir sind nicht nur f\u00fcr die Installation da, sondern auch f\u00fcr die langfristige Partnerschaft. Von der Planung bis zur Wartung sind wir an Ihrer Seite, um sicherzustellen, dass Ihre Ladesysteme optimal funktionieren.[\/et_pb_blurb][\/et_pb_column][et_pb_column type=&#8220;1_2&#8243; _builder_version=&#8220;4.23.1&#8243; _module_preset=&#8220;default&#8220; global_colors_info=&#8220;{}&#8220;][et_pb_blurb title=&#8220;Zukunftssicherheit&#8220; use_icon=&#8220;on&#8220; font_icon=&#8220;&#xe02a;||divi||400&#8243; _builder_version=&#8220;4.23.1&#8243; _module_preset=&#8220;default&#8220; body_line_height=&#8220;1.55em&#8220; global_colors_info=&#8220;{}&#8220;]<\/p>\n<p>Mit unseren L\u00f6sungen sind Sie nicht nur f\u00fcr heute, sondern auch f\u00fcr die Zukunft ger\u00fcstet. Elektromobilit\u00e4t und erneuerbare Energien sind der Weg nach vorn, und wir helfen Ihnen, diesen Weg zu gehen.<\/p>\n<p>[\/et_pb_blurb][\/et_pb_column][\/et_pb_row][et_pb_row _builder_version=&#8220;4.23.1&#8243; _module_preset=&#8220;default&#8220; animation_style=&#8220;slide&#8220; animation_direction=&#8220;left&#8220; animation_duration=&#8220;800ms&#8220; global_colors_info=&#8220;{}&#8220;][et_pb_column type=&#8220;4_4&#8243; _builder_version=&#8220;4.23.1&#8243; _module_preset=&#8220;default&#8220; global_colors_info=&#8220;{}&#8220;][et_pb_cta title=&#8220;Vertrauen Sie auf Expertise&#8220; button_url=&#8220;@ET-DC@eyJkeW5hbWljIjp0cnVlLCJjb250ZW50IjoicG9zdF9saW5rX3VybF9wYWdlIiwic2V0dGluZ3MiOnsicG9zdF9pZCI6IjI1MDM3MyJ9fQ==@&#8220; button_text=&#8220;Sofortige Terminvereinbarung&#8220; _builder_version=&#8220;4.23.1&#8243; _dynamic_attributes=&#8220;button_url&#8220; _module_preset=&#8220;default&#8220; global_colors_info=&#8220;{}&#8220;]<\/p>\n<p>Vertrauen Sie auf unsere Expertise, wenn es um Elektroinstallationen geht. Kontaktieren Sie uns noch heute f\u00fcr eine kostenlose Beratung.<\/p>\n<p>[\/et_pb_cta][\/et_pb_column][\/et_pb_row][\/et_pb_section]<\/p>\n","protected":false},"excerpt":{"rendered":"<p>Willkommen in der Zukunft der Mobilit\u00e4t und Energie! In einer Welt, die sich rasant in Richtung Nachhaltigkeit bewegt, sind Elektromobilit\u00e4t und erneuerbare Energiequellen mehr als nur Trends &#8211; sie sind die Schl\u00fcssel zur Schaffung einer sauberen und gr\u00fcnen Umwelt. Wir bieten Ihnen erstklassige L\u00f6sungen im Bereich Elektromobilit\u00e4t..<div class=\"et_pb_module dsm_button dsm_button_0 et_pb_bg_layout_light\">\n\t\t\t\t\n\t\t\t\t\n\t\t\t\t\n\t\t\t\t\n\t\t\t\t\n\t\t\t\t\n\t\t\t\t<div class=\"et_pb_module_inner\">\n\t\t\t\t\t<div class=\"et_pb_button_module_wrappers dsm_button_0_wrapper  et_pb_module\">\n\t\t\t\t<a class=\"et_pb_button et_pb_button_one et_pb_bg_layout_light dsm-none \"  href=#unsere-leistungen data-dsm-lightbox-id=\"dsm_button_one_lightbox dsm_button_0\"><span>Unsere Leistungen<\/span><\/a><a class=\"et_pb_button et_pb_button_two et_pb_bg_layout_light dsm-none \"  href=#warum-uns-waehlen data-dsm-lightbox-id=\"dsm_button_two_lightbox dsm_button_0\"><span>Warum wir<\/span><\/a>\n\t\t\t<\/div>\n\t\t\t\t<\/div>\n\t\t\t<\/div>Unsere LeistungenMit unseren intelligenten Ladesystemen bringen wir die Zukunft direkt zu Ihnen nach Hause oder ins Unternehmen. Schnellladestationen f\u00fcr Elektrofahrzeuge, die nicht nur leistungsstark sind, sondern auch elegant und benutzerfreundlich. Ihr Elektrofahrzeug war nie zuvor so einfach aufzuladen.Indem Sie auf Elektromobilit\u00e4t umsteigen, tragen Sie aktiv zur Reduzierung von CO2-Emissionen bei und gestalten eine nachhaltigere Zukunft f\u00fcr kommende Generationen mit.Warum uns w\u00e4hlenUnser Team besteht aus Experten, die \u00fcber das n\u00f6tige Know-how f\u00fcr Elektromobilit\u00e4t verf\u00fcgen. Wir setzen auf innovative Technologien, um Ihnen stets die besten L\u00f6sungen zu bieten.Ihre Bed\u00fcrfnisse stehen im Mittelpunkt unserer Arbeit. Wir h\u00f6ren zu, verstehen Ihre Anforderungen und entwickeln ma\u00dfgeschneiderte L\u00f6sungen, die zu Ihnen passen.Wir sind nicht nur f\u00fcr die Installation da, sondern auch f\u00fcr die langfristige Partnerschaft. Von der Planung bis zur Wartung sind wir an Ihrer Seite, um sicherzustellen, dass Ihre Ladesysteme optimal funktionieren.Mit unseren L\u00f6sungen sind Sie nicht nur f\u00fcr heute, [&hellip;]<\/p>\n","protected":false},"author":1,"featured_media":0,"parent":24,"menu_order":260,"comment_status":"closed","ping_status":"closed","template":"","meta":{"_et_pb_use_builder":"on","_et_pb_old_content":"<!-- wp:divi\/placeholder \/-->","_et_gb_content_width":"","footnotes":""},"folder":[5],"class_list":["post-46","page","type-page","status-publish","hentry"],"_links":{"self":[{"href":"https:\/\/www.elektro-bechtold.com\/en\/wp-json\/wp\/v2\/pages\/46","targetHints":{"allow":["GET"]}}],"collection":[{"href":"https:\/\/www.elektro-bechtold.com\/en\/wp-json\/wp\/v2\/pages"}],"about":[{"href":"https:\/\/www.elektro-bechtold.com\/en\/wp-json\/wp\/v2\/types\/page"}],"author":[{"embeddable":true,"href":"https:\/\/www.elektro-bechtold.com\/en\/wp-json\/wp\/v2\/users\/1"}],"replies":[{"embeddable":true,"href":"https:\/\/www.elektro-bechtold.com\/en\/wp-json\/wp\/v2\/comments?post=46"}],"version-history":[{"count":10,"href":"https:\/\/www.elektro-bechtold.com\/en\/wp-json\/wp\/v2\/pages\/46\/revisions"}],"predecessor-version":[{"id":250814,"href":"https:\/\/www.elektro-bechtold.com\/en\/wp-json\/wp\/v2\/pages\/46\/revisions\/250814"}],"up":[{"embeddable":true,"href":"https:\/\/www.elektro-bechtold.com\/en\/wp-json\/wp\/v2\/pages\/24"}],"wp:attachment":[{"href":"https:\/\/www.elektro-bechtold.com\/en\/wp-json\/wp\/v2\/media?parent=46"}],"wp:term":[{"taxonomy":"folder","embeddable":true,"href":"https:\/\/www.elektro-bechtold.com\/en\/wp-json\/wp\/v2\/folder?post=46"}],"curies":[{"name":"wp","href":"https:\/\/api.w.org\/{rel}","templated":true}]}}