{"id":42,"date":"2023-10-17T08:54:19","date_gmt":"2023-10-17T06:54:19","guid":{"rendered":"https:\/\/www.elektro-bechtold.com\/?page_id=42"},"modified":"2024-02-12T10:26:25","modified_gmt":"2024-02-12T09:26:25","slug":"lichtkonzepte","status":"publish","type":"page","link":"https:\/\/www.elektro-bechtold.com\/en\/leistungen\/lichtkonzepte\/","title":{"rendered":"Lighting concepts"},"content":{"rendered":"<p>[et_pb_section fb_built=&#8220;1&#8243; admin_label=&#8220;#einleitung-leistungen&#8220; module_id=&#8220;einleitung-leistungen&#8220; _builder_version=&#8220;4.23.1&#8243; _module_preset=&#8220;default&#8220; custom_padding=&#8220;15px||||false|false&#8220; global_colors_info=&#8220;{}&#8220;][et_pb_row column_structure=&#8220;3_5,2_5&#8243; _builder_version=&#8220;4.24.0&#8243; _module_preset=&#8220;default&#8220; hover_enabled=&#8220;0&#8243; global_colors_info=&#8220;{}&#8220; animation_style=&#8220;zoom&#8220; animation_direction=&#8220;left&#8220; animation_duration=&#8220;800ms&#8220; sticky_enabled=&#8220;0&#8243;][et_pb_column type=&#8220;3_5&#8243; _builder_version=&#8220;4.23.1&#8243; _module_preset=&#8220;default&#8220; global_colors_info=&#8220;{}&#8220;][et_pb_text _builder_version=&#8220;4.23.1&#8243; _module_preset=&#8220;default&#8220; text_line_height=&#8220;1.55em&#8220; header_font_size=&#8220;50px&#8220; header_line_height=&#8220;1.1em&#8220; global_colors_info=&#8220;{}&#8220;]<h1exklusive lichtkonzepte=\"\" f=\"\" r=\"\" innen=\"\" und=\"\" au=\"\" en=\"\" h1=\"\"><\/h1exklusive>\n<h1><span style=\"color: #820f4d;\">Exklusive Lichtkonzepte<\/span> f\u00fcr innen und au\u00dfen!<\/h1>\n<p>Wir sind Ihr Partner f\u00fcr Lichtkonzepte, die nicht nur beleuchten, sondern auch Emotionen wecken. Unsere durchdachten und stimmungsvollen Lichtinstallationen verwandeln Ihr Zuhause oder Ihre Au\u00dfenbereiche in echte Wohlf\u00fchlbereiche nach Ihrem Geschmack.<\/p>\n<p><strong>Tauchen Sie ein in einen Welt des Lichts.<\/strong>[\/et_pb_text][dsm_button button_one_text=&#8220;Unsere Leistungen&#8220; button_one_url=&#8220;#unsere-leistungen&#8220; button_two_text=&#8220;Warum wir&#8220; button_two_url=&#8220;#warum-uns-waehlen&#8220; _builder_version=&#8220;4.23.1&#8243; _module_preset=&#8220;default&#8220; global_colors_info=&#8220;{}&#8220;][\/dsm_button][\/et_pb_column][et_pb_column type=&#8220;2_5&#8243; _builder_version=&#8220;4.23.1&#8243; _module_preset=&#8220;default&#8220; global_colors_info=&#8220;{}&#8220;][et_pb_image src=&#8220;https:\/\/www.elektro-bechtold.com\/wp-content\/uploads\/2016\/03\/Wohnzimmer@2x.jpg&#8220; alt=&#8220;a couple of people standing in front of a forest of lights&#8220; title_text=&#8220;Wohnzimmer@2x&#8220; _builder_version=&#8220;4.23.1&#8243; _module_preset=&#8220;default&#8220; border_radii=&#8220;on|3px|3px|3px|3px&#8220; global_colors_info=&#8220;{}&#8220;][\/et_pb_image][\/et_pb_column][\/et_pb_row][\/et_pb_section][et_pb_section fb_built=&#8220;1&#8243; admin_label=&#8220;#unsere-leistungen&#8220; module_id=&#8220;unsere-leistungen&#8220; _builder_version=&#8220;4.23.1&#8243; _module_preset=&#8220;default&#8220; background_color=&#8220;rgba(205,225,222,0.5)&#8220; global_colors_info=&#8220;{}&#8220;][et_pb_row _builder_version=&#8220;4.23.1&#8243; _module_preset=&#8220;default&#8220; global_colors_info=&#8220;{}&#8220;][et_pb_column type=&#8220;4_4&#8243; _builder_version=&#8220;4.23.1&#8243; _module_preset=&#8220;default&#8220; global_colors_info=&#8220;{}&#8220;][et_pb_text _builder_version=&#8220;4.23.1&#8243; _module_preset=&#8220;default&#8220; header_2_text_align=&#8220;center&#8220; global_colors_info=&#8220;{}&#8220;]<\/p>\n<h2>Unsere Leistungen<\/h2>\n<p>[\/et_pb_text][\/et_pb_column][\/et_pb_row][et_pb_row column_structure=&#8220;1_2,1_2&#8243; _builder_version=&#8220;4.23.1&#8243; _module_preset=&#8220;default&#8220; global_colors_info=&#8220;{}&#8220;][et_pb_column type=&#8220;1_2&#8243; _builder_version=&#8220;4.23.1&#8243; _module_preset=&#8220;default&#8220; global_colors_info=&#8220;{}&#8220;][et_pb_blurb title=&#8220;Individuelle Lichtgestaltung&#8220; use_icon=&#8220;on&#8220; font_icon=&#8220;&#xf507;||fa||900&#8243; _builder_version=&#8220;4.23.1&#8243; _module_preset=&#8220;default&#8220; body_line_height=&#8220;1.55em&#8220; global_colors_info=&#8220;{}&#8220;]<\/p>\n<p>Wir verstehen, dass jedes Zuhause einzigartig ist. Unsere Lichtexperten entwerfen individuelle Konzepte, die Ihr Raumgef\u00fchl betonen und Ihre Pers\u00f6nlichkeit widerspiegeln.<\/p>\n<p>[\/et_pb_blurb][\/et_pb_column][et_pb_column type=&#8220;1_2&#8243; _builder_version=&#8220;4.23.1&#8243; _module_preset=&#8220;default&#8220; global_colors_info=&#8220;{}&#8220;][et_pb_blurb title=&#8220;Stimmungsvolle Innenbeleuchtung&#8220; use_icon=&#8220;on&#8220; font_icon=&#8220;&#xe007;||divi||400&#8243; _builder_version=&#8220;4.23.1&#8243; _module_preset=&#8220;default&#8220; body_line_height=&#8220;1.55em&#8220; global_colors_info=&#8220;{}&#8220;]<\/p>\n<p>Von warmen, ged\u00e4mpften T\u00f6nen f\u00fcr gem\u00fctliche Abende bis hin zu hellen, klaren Lichtern f\u00fcr produktives Arbeiten \u2013 wir schaffen das perfekte Lichtambiente f\u00fcr jeden Raum in Ihrem Zuhause.<\/p>\n<p>[\/et_pb_blurb][\/et_pb_column][\/et_pb_row][et_pb_row column_structure=&#8220;1_2,1_2&#8243; _builder_version=&#8220;4.23.1&#8243; _module_preset=&#8220;default&#8220; global_colors_info=&#8220;{}&#8220;][et_pb_column type=&#8220;1_2&#8243; _builder_version=&#8220;4.23.1&#8243; _module_preset=&#8220;default&#8220; global_colors_info=&#8220;{}&#8220;][et_pb_blurb title=&#8220;Kreative Au\u00dfenbeleuchtung&#8220; use_icon=&#8220;on&#8220; font_icon=&#8220;&#xf6f1;||fa||900&#8243; _builder_version=&#8220;4.23.1&#8243; _module_preset=&#8220;default&#8220; body_line_height=&#8220;1.55em&#8220; global_colors_info=&#8220;{}&#8220;]<\/p>\n<p>Lassen Sie Ihren Garten oder Ihre Terrasse erstrahlen. Unsere Au\u00dfenlichtinstallationen bringen nicht nur Licht, sondern auch Leben in Ihre Au\u00dfenbereiche. Von Gartenwegen bis hin zu Poolbeleuchtungen \u2013 lassen Sie uns kreativ sein.<\/p>\n<p>[\/et_pb_blurb][\/et_pb_column][et_pb_column type=&#8220;1_2&#8243; _builder_version=&#8220;4.23.1&#8243; _module_preset=&#8220;default&#8220; global_colors_info=&#8220;{}&#8220;][et_pb_blurb title=&#8220;Energieeffiziente LED-L\u00f6sungen&#8220; use_icon=&#8220;on&#8220; font_icon=&#8220;&#xf1b8;||fa||900&#8243; _builder_version=&#8220;4.23.1&#8243; _module_preset=&#8220;default&#8220; body_line_height=&#8220;1.55em&#8220; global_colors_info=&#8220;{}&#8220;]<\/p>\n<p>Wir setzen auf moderne LED-Technologie, um nicht nur eine stimmungsvolle Beleuchtung zu bieten, sondern auch Ihre Energiekosten zu senken. Umweltfreundlich und kosteneffizient.<\/p>\n<p>[\/et_pb_blurb][\/et_pb_column][\/et_pb_row][\/et_pb_section][et_pb_section fb_built=&#8220;1&#8243; _builder_version=&#8220;4.23.1&#8243; _module_preset=&#8220;default&#8220; custom_padding=&#8220;0px||0px||true|false&#8220; global_colors_info=&#8220;{}&#8220;][et_pb_row column_structure=&#8220;1_2,1_2&#8243; use_custom_gutter=&#8220;on&#8220; gutter_width=&#8220;1&#8243; make_equal=&#8220;on&#8220; _builder_version=&#8220;4.23.1&#8243; _module_preset=&#8220;default&#8220; background_image=&#8220;https:\/\/www.elektro-bechtold.com\/wp-content\/uploads\/2023\/11\/yfv39g6az5o.jpg&#8220; parallax=&#8220;on&#8220; width=&#8220;100%&#8220; max_width=&#8220;100%&#8220; custom_padding=&#8220;0px||0px||true|false&#8220; global_colors_info=&#8220;{}&#8220;][et_pb_column type=&#8220;1_2&#8243; _builder_version=&#8220;4.23.1&#8243; _module_preset=&#8220;default&#8220; background_image=&#8220;https:\/\/www.elektro-bechtold.com\/wp-content\/uploads\/2023\/11\/jdbvxignfda.jpg&#8220; parallax=&#8220;on&#8220; custom_padding=&#8220;125px||125px||true|false&#8220; global_colors_info=&#8220;{}&#8220;][\/et_pb_column][et_pb_column type=&#8220;1_2&#8243; _builder_version=&#8220;4.23.1&#8243; _module_preset=&#8220;default&#8220; background_image=&#8220;https:\/\/www.elektro-bechtold.com\/wp-content\/uploads\/2016\/03\/Licht-2.jpg&#8220; parallax=&#8220;on&#8220; custom_padding=&#8220;125px||125px||true|false&#8220; global_colors_info=&#8220;{}&#8220;][\/et_pb_column][\/et_pb_row][\/et_pb_section][et_pb_section fb_built=&#8220;1&#8243; admin_label=&#8220;#warum-uns-waehlen&#8220; module_id=&#8220;warum-uns-waehlen&#8220; _builder_version=&#8220;4.23.1&#8243; _module_preset=&#8220;default&#8220; background_enable_color=&#8220;off&#8220; global_colors_info=&#8220;{}&#8220;][et_pb_row _builder_version=&#8220;4.23.1&#8243; _module_preset=&#8220;default&#8220; global_colors_info=&#8220;{}&#8220;][et_pb_column type=&#8220;4_4&#8243; _builder_version=&#8220;4.23.1&#8243; _module_preset=&#8220;default&#8220; global_colors_info=&#8220;{}&#8220;][et_pb_text _builder_version=&#8220;4.23.1&#8243; _module_preset=&#8220;default&#8220; header_2_text_align=&#8220;center&#8220; global_colors_info=&#8220;{}&#8220;]<\/p>\n<h2>Warum uns w\u00e4hlen<\/h2>\n<p>[\/et_pb_text][\/et_pb_column][\/et_pb_row][et_pb_row column_structure=&#8220;1_2,1_2&#8243; _builder_version=&#8220;4.23.1&#8243; _module_preset=&#8220;default&#8220; animation_style=&#8220;zoom&#8220; global_colors_info=&#8220;{}&#8220;][et_pb_column type=&#8220;1_2&#8243; _builder_version=&#8220;4.23.1&#8243; _module_preset=&#8220;default&#8220; global_colors_info=&#8220;{}&#8220;][et_pb_blurb title=&#8220;Kreativit\u00e4t und Innovation&#8220; use_icon=&#8220;on&#8220; font_icon=&#8220;&#xf53f;||fa||900&#8243; _builder_version=&#8220;4.23.1&#8243; _module_preset=&#8220;default&#8220; body_line_height=&#8220;1.55em&#8220; global_colors_info=&#8220;{}&#8220;]<\/p>\n<p>Unsere Experten sind nicht nur Techniker, sondern auch Kreative. Wir erschaffen innovative Ideen, um Ihr Zuhause in einen Wohlf\u00fchlort zu verwandeln.<\/p>\n<p>[\/et_pb_blurb][\/et_pb_column][et_pb_column type=&#8220;1_2&#8243; _builder_version=&#8220;4.23.1&#8243; _module_preset=&#8220;default&#8220; global_colors_info=&#8220;{}&#8220;][et_pb_blurb title=&#8220;Qualit\u00e4t und Haltbarkeit&#8220; use_icon=&#8220;on&#8220; font_icon=&#8220;&#xe106;||divi||400&#8243; _builder_version=&#8220;4.23.1&#8243; _module_preset=&#8220;default&#8220; body_line_height=&#8220;1.55em&#8220; global_colors_info=&#8220;{}&#8220;]<\/p>\n<p>Wir setzen auf hochwertige Materialien und Technik. Unsere Lichtinstallationen sind nicht nur sch\u00f6n anzusehen, sondern auch langlebig und zuverl\u00e4ssig.<\/p>\n<p>[\/et_pb_blurb][\/et_pb_column][\/et_pb_row][et_pb_row column_structure=&#8220;1_2,1_2&#8243; _builder_version=&#8220;4.23.1&#8243; _module_preset=&#8220;default&#8220; global_colors_info=&#8220;{}&#8220;][et_pb_column type=&#8220;1_2&#8243; _builder_version=&#8220;4.23.1&#8243; _module_preset=&#8220;default&#8220; global_colors_info=&#8220;{}&#8220;][et_pb_blurb title=&#8220;Kundenn\u00e4he und Zufriedenheit&#8220; use_icon=&#8220;on&#8220; font_icon=&#8220;&#xe068;||fa||900&#8243; _builder_version=&#8220;4.23.1&#8243; _module_preset=&#8220;default&#8220; body_line_height=&#8220;1.55em&#8220; global_colors_info=&#8220;{}&#8220;]<\/p>\n<p>Ihre Zufriedenheit ist unser Ma\u00dfstab f\u00fcr Erfolg. Wir arbeiten eng mit Ihnen zusammen, h\u00f6ren auf Ihre Vision und setzen alles daran, sie zu \u00fcbertreffen.<\/p>\n<p>[\/et_pb_blurb][\/et_pb_column][et_pb_column type=&#8220;1_2&#8243; _builder_version=&#8220;4.23.1&#8243; _module_preset=&#8220;default&#8220; global_colors_info=&#8220;{}&#8220;][et_pb_blurb title=&#8220;Ausgezeichnetes Team&#8220; use_icon=&#8220;on&#8220; font_icon=&#8220;&#xf091;||fa||900&#8243; _builder_version=&#8220;4.23.1&#8243; _module_preset=&#8220;default&#8220; body_line_height=&#8220;1.55em&#8220; global_colors_info=&#8220;{}&#8220;]<\/p>\n<p>Unser Team besteht aus erfahrenen Handwerkern, die sich leidenschaftlich f\u00fcr besondere Lichtkonzepte engagieren.<\/p>\n<p>[\/et_pb_blurb][\/et_pb_column][\/et_pb_row][et_pb_row _builder_version=&#8220;4.23.1&#8243; _module_preset=&#8220;default&#8220; animation_style=&#8220;slide&#8220; animation_direction=&#8220;left&#8220; animation_duration=&#8220;800ms&#8220; global_colors_info=&#8220;{}&#8220;][et_pb_column type=&#8220;4_4&#8243; _builder_version=&#8220;4.23.1&#8243; _module_preset=&#8220;default&#8220; global_colors_info=&#8220;{}&#8220;][et_pb_cta title=&#8220;Vertrauen Sie auf Expertise&#8220; button_url=&#8220;@ET-DC@eyJkeW5hbWljIjp0cnVlLCJjb250ZW50IjoicG9zdF9saW5rX3VybF9wYWdlIiwic2V0dGluZ3MiOnsicG9zdF9pZCI6IjI1MDM3MyJ9fQ==@&#8220; button_text=&#8220;Sofortige Terminvereinbarung&#8220; _builder_version=&#8220;4.23.1&#8243; _dynamic_attributes=&#8220;button_url&#8220; _module_preset=&#8220;default&#8220; global_colors_info=&#8220;{}&#8220;]<\/p>\n<p>Kontaktieren Sie uns jetzt kostenlos, um mehr \u00fcber unsere individuellen Lichtkonzepte zu erfahren! \ud83d\udcab\ud83c\udf1f<\/p>\n<p>[\/et_pb_cta][\/et_pb_column][\/et_pb_row][\/et_pb_section]<\/p>\n","protected":false},"excerpt":{"rendered":"<p>Exklusive Lichtkonzepte f\u00fcr innen und au\u00dfen! Wir sind Ihr Partner f\u00fcr Lichtkonzepte, die nicht nur beleuchten, sondern auch Emotionen wecken. Unsere durchdachten und stimmungsvollen Lichtinstallationen verwandeln Ihr Zuhause oder Ihre Au\u00dfenbereiche in echte Wohlf\u00fchlbereiche nach Ihrem Geschmack. Tauchen Sie ein in einen Welt des Lichts.<div class=\"et_pb_module dsm_button dsm_button_0 et_pb_bg_layout_light\">\n\t\t\t\t\n\t\t\t\t\n\t\t\t\t\n\t\t\t\t\n\t\t\t\t\n\t\t\t\t\n\t\t\t\t<div class=\"et_pb_module_inner\">\n\t\t\t\t\t<div class=\"et_pb_button_module_wrappers dsm_button_0_wrapper  et_pb_module\">\n\t\t\t\t<a class=\"et_pb_button et_pb_button_one et_pb_bg_layout_light dsm-none \"  href=#unsere-leistungen data-dsm-lightbox-id=\"dsm_button_one_lightbox dsm_button_0\"><span>Unsere Leistungen<\/span><\/a><a class=\"et_pb_button et_pb_button_two et_pb_bg_layout_light dsm-none \"  href=#warum-uns-waehlen data-dsm-lightbox-id=\"dsm_button_two_lightbox dsm_button_0\"><span>Warum wir<\/span><\/a>\n\t\t\t<\/div>\n\t\t\t\t<\/div>\n\t\t\t<\/div>Unsere LeistungenWir verstehen, dass jedes Zuhause einzigartig ist. Unsere Lichtexperten entwerfen individuelle Konzepte, die Ihr Raumgef\u00fchl betonen und Ihre Pers\u00f6nlichkeit widerspiegeln.Von warmen, ged\u00e4mpften T\u00f6nen f\u00fcr gem\u00fctliche Abende bis hin zu hellen, klaren Lichtern f\u00fcr produktives Arbeiten \u2013 wir schaffen das perfekte Lichtambiente f\u00fcr jeden Raum in Ihrem Zuhause.Lassen Sie Ihren Garten oder Ihre Terrasse erstrahlen. Unsere Au\u00dfenlichtinstallationen bringen nicht nur Licht, sondern auch Leben in Ihre Au\u00dfenbereiche. Von Gartenwegen bis hin zu Poolbeleuchtungen \u2013 lassen Sie uns kreativ sein.Wir setzen auf moderne LED-Technologie, um nicht nur eine stimmungsvolle Beleuchtung zu bieten, sondern auch Ihre Energiekosten zu senken. Umweltfreundlich und kosteneffizient.Warum uns w\u00e4hlenUnsere Experten sind nicht nur Techniker, sondern auch Kreative. Wir erschaffen innovative Ideen, um Ihr Zuhause in einen Wohlf\u00fchlort zu verwandeln.Wir setzen auf hochwertige Materialien und Technik. Unsere Lichtinstallationen sind nicht nur sch\u00f6n anzusehen, sondern auch langlebig und zuverl\u00e4ssig.Ihre Zufriedenheit ist unser Ma\u00dfstab f\u00fcr Erfolg. Wir [&hellip;]<\/p>\n","protected":false},"author":1,"featured_media":0,"parent":24,"menu_order":250,"comment_status":"closed","ping_status":"closed","template":"","meta":{"_et_pb_use_builder":"on","_et_pb_old_content":"<!-- wp:divi\/placeholder \/-->","_et_gb_content_width":"","footnotes":""},"folder":[5],"class_list":["post-42","page","type-page","status-publish","hentry"],"_links":{"self":[{"href":"https:\/\/www.elektro-bechtold.com\/en\/wp-json\/wp\/v2\/pages\/42","targetHints":{"allow":["GET"]}}],"collection":[{"href":"https:\/\/www.elektro-bechtold.com\/en\/wp-json\/wp\/v2\/pages"}],"about":[{"href":"https:\/\/www.elektro-bechtold.com\/en\/wp-json\/wp\/v2\/types\/page"}],"author":[{"embeddable":true,"href":"https:\/\/www.elektro-bechtold.com\/en\/wp-json\/wp\/v2\/users\/1"}],"replies":[{"embeddable":true,"href":"https:\/\/www.elektro-bechtold.com\/en\/wp-json\/wp\/v2\/comments?post=42"}],"version-history":[{"count":12,"href":"https:\/\/www.elektro-bechtold.com\/en\/wp-json\/wp\/v2\/pages\/42\/revisions"}],"predecessor-version":[{"id":250813,"href":"https:\/\/www.elektro-bechtold.com\/en\/wp-json\/wp\/v2\/pages\/42\/revisions\/250813"}],"up":[{"embeddable":true,"href":"https:\/\/www.elektro-bechtold.com\/en\/wp-json\/wp\/v2\/pages\/24"}],"wp:attachment":[{"href":"https:\/\/www.elektro-bechtold.com\/en\/wp-json\/wp\/v2\/media?parent=42"}],"wp:term":[{"taxonomy":"folder","embeddable":true,"href":"https:\/\/www.elektro-bechtold.com\/en\/wp-json\/wp\/v2\/folder?post=42"}],"curies":[{"name":"wp","href":"https:\/\/api.w.org\/{rel}","templated":true}]}}