{"id":38,"date":"2023-10-17T08:53:40","date_gmt":"2023-10-17T06:53:40","guid":{"rendered":"https:\/\/www.elektro-bechtold.com\/?page_id=38"},"modified":"2026-03-19T09:38:59","modified_gmt":"2026-03-19T08:38:59","slug":"pruefung-elektrischer-anlagen","status":"publish","type":"page","link":"https:\/\/www.elektro-bechtold.com\/en\/leistungen\/pruefung-elektrischer-anlagen\/","title":{"rendered":"Testing of electrical systems"},"content":{"rendered":"<p>[et_pb_section fb_built=&#8220;1&#8243; admin_label=&#8220;#einleitung-leistungen&#8220; module_id=&#8220;einleitung-leistungen&#8220; _builder_version=&#8220;4.23.1&#8243; _module_preset=&#8220;default&#8220; custom_padding=&#8220;15px||||false|false&#8220; locked=&#8220;off&#8220; global_colors_info=&#8220;{}&#8220;][et_pb_row column_structure=&#8220;3_5,2_5&#8243; _builder_version=&#8220;4.24.0&#8243; _module_preset=&#8220;default&#8220; animation_style=&#8220;zoom&#8220; animation_direction=&#8220;left&#8220; animation_duration=&#8220;800ms&#8220; global_colors_info=&#8220;{}&#8220;][et_pb_column type=&#8220;3_5&#8243; _builder_version=&#8220;4.23.1&#8243; _module_preset=&#8220;default&#8220; global_colors_info=&#8220;{}&#8220;][et_pb_text _builder_version=&#8220;4.23.1&#8243; _module_preset=&#8220;default&#8220; text_line_height=&#8220;1.55em&#8220; header_font_size=&#8220;50px&#8220; header_line_height=&#8220;1.1em&#8220; global_colors_info=&#8220;{}&#8220;]<\/p>\n<p><h1exklusive lichtkonzepte=\"\" f=\"\" r=\"\" innen=\"\" und=\"\" au=\"\" en=\"\" h1=\"\"><\/h1exklusive><\/p>\n<h1><span style=\"color: #000000;\">Pr\u00fcfung elektrischer Anlagen<\/span><\/h1>\n<p>Ihre Sicherheit liegt uns am Herzen. Deshalb bieten wir Ihnen den verl\u00e4sslichen und zertifizierten E-Check f\u00fcr elektrische Anlagen, der nach den strengen VDE-Richtlinien durchgef\u00fchrt wird. Unser erfahrenes Team von Elektroexperten sorgt daf\u00fcr, dass Ihre elektrischen Anlagen nicht nur den h\u00f6chsten Sicherheitsstandards entsprechen, sondern auch reibungslos und effizient funktionieren.<\/p>\n<p>[\/et_pb_text][dsm_button button_one_text=&#8220;Unsere Leistungen&#8220; button_one_url=&#8220;#unsere-leistungen&#8220; button_two_text=&#8220;Warum wir&#8220; button_two_url=&#8220;#warum-uns-waehlen&#8220; _builder_version=&#8220;4.23.1&#8243; _module_preset=&#8220;default&#8220; global_colors_info=&#8220;{}&#8220;][\/dsm_button][\/et_pb_column][et_pb_column type=&#8220;2_5&#8243; _builder_version=&#8220;4.23.1&#8243; _module_preset=&#8220;default&#8220; global_colors_info=&#8220;{}&#8220;][et_pb_image src=&#8220;https:\/\/www.elektro-bechtold.com\/wp-content\/uploads\/2023\/11\/4198293.jpg&#8220; alt=&#8220;electric, wiring, electrics&#8220; title_text=&#8220;Photo by image4you&#8220; _builder_version=&#8220;4.23.1&#8243; _module_preset=&#8220;default&#8220; border_radii=&#8220;on|3px|3px|3px|3px&#8220; global_colors_info=&#8220;{}&#8220;][\/et_pb_image][\/et_pb_column][\/et_pb_row][\/et_pb_section][et_pb_section fb_built=&#8220;1&#8243; admin_label=&#8220;#unsere-leistungen&#8220; module_id=&#8220;unsere-leistungen&#8220; _builder_version=&#8220;4.23.1&#8243; _module_preset=&#8220;default&#8220; background_color=&#8220;rgba(205,225,222,0.5)&#8220; global_colors_info=&#8220;{}&#8220;][et_pb_row _builder_version=&#8220;4.23.1&#8243; _module_preset=&#8220;default&#8220; global_colors_info=&#8220;{}&#8220;][et_pb_column type=&#8220;4_4&#8243; _builder_version=&#8220;4.23.1&#8243; _module_preset=&#8220;default&#8220; global_colors_info=&#8220;{}&#8220;][et_pb_text _builder_version=&#8220;4.23.1&#8243; _module_preset=&#8220;default&#8220; header_2_text_align=&#8220;center&#8220; global_colors_info=&#8220;{}&#8220;]<\/p>\n<h2>Unsere Leistungen<\/h2>\n<p>[\/et_pb_text][\/et_pb_column][\/et_pb_row][et_pb_row column_structure=&#8220;1_2,1_2&#8243; _builder_version=&#8220;4.23.1&#8243; _module_preset=&#8220;default&#8220; global_colors_info=&#8220;{}&#8220;][et_pb_column type=&#8220;1_2&#8243; _builder_version=&#8220;4.23.1&#8243; _module_preset=&#8220;default&#8220; global_colors_info=&#8220;{}&#8220;][et_pb_blurb title=&#8220;Zertifizierter E-Check&#8220; use_icon=&#8220;on&#8220; font_icon=&#8220;&#x54;||divi||400&#8243; _builder_version=&#8220;4.23.1&#8243; _module_preset=&#8220;default&#8220; body_line_height=&#8220;1.55em&#8220; global_colors_info=&#8220;{}&#8220;]<\/p>\n<p>Wir f\u00fchren gr\u00fcndliche und pr\u00e4zise Pr\u00fcfungen durch, um sicherzustellen, dass Ihre elektrischen Anlagen den aktuellen Normen entsprechen. Verlassen Sie sich darauf, dass Ihre Installationen in sicheren H\u00e4nden sind.<\/p>\n<p>[\/et_pb_blurb][\/et_pb_column][et_pb_column type=&#8220;1_2&#8243; _builder_version=&#8220;4.23.1&#8243; _module_preset=&#8220;default&#8220; global_colors_info=&#8220;{}&#8220;][et_pb_blurb title=&#8220;VDE-konforme Inspektion&#8220; use_icon=&#8220;on&#8220; font_icon=&#8220;&#x5a;||divi||400&#8243; _builder_version=&#8220;4.24.1&#8243; _module_preset=&#8220;default&#8220; body_line_height=&#8220;1.55em&#8220; global_colors_info=&#8220;{}&#8220;]<\/p>\n<p>Unsere Pr\u00fcfungen werden nach den VDE-Vorschriften durchgef\u00fchrt, den h\u00f6chsten Standards in der Elektrotechnik. Ihre Anlagen werden bis ins Detail \u00fcberpr\u00fcft, um maximale Sicherheit zu gew\u00e4hrleisten.<\/p>\n<p>[\/et_pb_blurb][\/et_pb_column][\/et_pb_row][et_pb_row column_structure=&#8220;1_2,1_2&#8243; _builder_version=&#8220;4.23.1&#8243; _module_preset=&#8220;default&#8220; global_colors_info=&#8220;{}&#8220;][et_pb_column type=&#8220;1_2&#8243; _builder_version=&#8220;4.23.1&#8243; _module_preset=&#8220;default&#8220; global_colors_info=&#8220;{}&#8220;][et_pb_blurb title=&#8220;Fachm\u00e4nnische Reparaturen&#8220; use_icon=&#8220;on&#8220; font_icon=&#8220;&#x69;||divi||400&#8243; _builder_version=&#8220;4.23.1&#8243; _module_preset=&#8220;default&#8220; body_line_height=&#8220;1.55em&#8220; global_colors_info=&#8220;{}&#8220;]<\/p>\n<p>Falls bei der Pr\u00fcfung Unregelm\u00e4\u00dfigkeiten festgestellt werden, k\u00fcmmern wir uns um alle erforderlichen Reparaturen und Modernisierungen. Sie erhalten von uns umfassende L\u00f6sungen aus einer Hand.<\/p>\n<p>[\/et_pb_blurb][\/et_pb_column][et_pb_column type=&#8220;1_2&#8243; _builder_version=&#8220;4.23.1&#8243; _module_preset=&#8220;default&#8220; global_colors_info=&#8220;{}&#8220;][et_pb_blurb title=&#8220;Gewerbliche und private Anlagen&#8220; use_icon=&#8220;on&#8220; font_icon=&#8220;&#xe009;||divi||400&#8243; _builder_version=&#8220;4.23.1&#8243; _module_preset=&#8220;default&#8220; body_line_height=&#8220;1.55em&#8220; global_colors_info=&#8220;{}&#8220;]<\/p>\n<p>Egal, ob es sich um Ihr Zuhause, Ihr B\u00fcro oder eine industrielle Anlage handelt &#8211; wir bieten unseren E-Check-Service f\u00fcr eine Vielzahl von elektrischen Anlagen an.<\/p>\n<p>[\/et_pb_blurb][\/et_pb_column][\/et_pb_row][\/et_pb_section][et_pb_section fb_built=&#8220;1&#8243; _builder_version=&#8220;4.23.1&#8243; _module_preset=&#8220;default&#8220; custom_padding=&#8220;0px||0px||true|false&#8220; global_colors_info=&#8220;{}&#8220;][et_pb_row column_structure=&#8220;1_2,1_2&#8243; use_custom_gutter=&#8220;on&#8220; gutter_width=&#8220;1&#8243; make_equal=&#8220;on&#8220; _builder_version=&#8220;4.23.1&#8243; _module_preset=&#8220;default&#8220; width=&#8220;100%&#8220; max_width=&#8220;100%&#8220; custom_padding=&#8220;0px||0px||true|false&#8220; global_colors_info=&#8220;{}&#8220;][et_pb_column type=&#8220;1_2&#8243; _builder_version=&#8220;4.23.1&#8243; _module_preset=&#8220;default&#8220; background_image=&#8220;https:\/\/www.elektro-bechtold.com\/wp-content\/uploads\/2023\/11\/1981647.jpg&#8220; parallax=&#8220;on&#8220; custom_padding=&#8220;125px||125px||true|false&#8220; global_colors_info=&#8220;{}&#8220;][\/et_pb_column][et_pb_column type=&#8220;1_2&#8243; _builder_version=&#8220;4.23.1&#8243; _module_preset=&#8220;default&#8220; background_image=&#8220;https:\/\/www.elektro-bechtold.com\/wp-content\/uploads\/2023\/11\/4198293.jpg&#8220; parallax=&#8220;on&#8220; custom_padding=&#8220;125px||125px||true|false&#8220; global_colors_info=&#8220;{}&#8220;][\/et_pb_column][\/et_pb_row][\/et_pb_section][et_pb_section fb_built=&#8220;1&#8243; admin_label=&#8220;#warum-uns-waehlen&#8220; module_id=&#8220;warum-uns-waehlen&#8220; _builder_version=&#8220;4.23.1&#8243; _module_preset=&#8220;default&#8220; background_enable_color=&#8220;off&#8220; locked=&#8220;off&#8220; global_colors_info=&#8220;{}&#8220;][et_pb_row _builder_version=&#8220;4.23.1&#8243; _module_preset=&#8220;default&#8220; global_colors_info=&#8220;{}&#8220;][et_pb_column type=&#8220;4_4&#8243; _builder_version=&#8220;4.23.1&#8243; _module_preset=&#8220;default&#8220; global_colors_info=&#8220;{}&#8220;][et_pb_text _builder_version=&#8220;4.23.1&#8243; _module_preset=&#8220;default&#8220; header_2_text_align=&#8220;center&#8220; global_colors_info=&#8220;{}&#8220;]<\/p>\n<h2>Warum uns w\u00e4hlen<\/h2>\n<p>[\/et_pb_text][\/et_pb_column][\/et_pb_row][et_pb_row column_structure=&#8220;1_2,1_2&#8243; _builder_version=&#8220;4.23.1&#8243; _module_preset=&#8220;default&#8220; animation_style=&#8220;zoom&#8220; global_colors_info=&#8220;{}&#8220;][et_pb_column type=&#8220;1_2&#8243; _builder_version=&#8220;4.23.1&#8243; _module_preset=&#8220;default&#8220; global_colors_info=&#8220;{}&#8220;][et_pb_blurb title=&#8220;Detailgenaue Pr\u00fcfung&#8220; use_icon=&#8220;on&#8220; font_icon=&#8220;&#x54;||divi||400&#8243; _builder_version=&#8220;4.23.1&#8243; _module_preset=&#8220;default&#8220; body_line_height=&#8220;1.55em&#8220; global_colors_info=&#8220;{}&#8220;]<\/p>\n<p>Wir \u00fcberlassen nichts dem Zufall. Ihre elektrische Anlage wird gr\u00fcndlich \u00fcberpr\u00fcft, um h\u00f6chste Sicherheit zu gew\u00e4hrleisten.<\/p>\n<p>[\/et_pb_blurb][\/et_pb_column][et_pb_column type=&#8220;1_2&#8243; _builder_version=&#8220;4.23.1&#8243; _module_preset=&#8220;default&#8220; global_colors_info=&#8220;{}&#8220;][et_pb_blurb title=&#8220;Zeit- und Kostenersparnis&#8220; use_icon=&#8220;on&#8220; font_icon=&#8220;&#xe60d;||divi||400&#8243; _builder_version=&#8220;4.23.1&#8243; _module_preset=&#8220;default&#8220; body_line_height=&#8220;1.55em&#8220; global_colors_info=&#8220;{}&#8220;]<\/p>\n<p>Unsere effizienten Pr\u00fcfverfahren minimieren Ausfallzeiten und helfen Ihnen, langfristig Kosten zu sparen, indem sie Probleme fr\u00fchzeitig erkennen.<\/p>\n<p>[\/et_pb_blurb][\/et_pb_column][\/et_pb_row][et_pb_row column_structure=&#8220;1_2,1_2&#8243; _builder_version=&#8220;4.23.1&#8243; _module_preset=&#8220;default&#8220; global_colors_info=&#8220;{}&#8220;][et_pb_column type=&#8220;1_2&#8243; _builder_version=&#8220;4.23.1&#8243; _module_preset=&#8220;default&#8220; global_colors_info=&#8220;{}&#8220;][et_pb_blurb title=&#8220;Qualit\u00e4t und Zuverl\u00e4ssigkeit&#8220; use_icon=&#8220;on&#8220; font_icon=&#8220;&#xe106;||divi||400&#8243; _builder_version=&#8220;4.23.1&#8243; _module_preset=&#8220;default&#8220; body_line_height=&#8220;1.55em&#8220; global_colors_info=&#8220;{}&#8220;]<\/p>\n<p>Unsere zertifizierten Elektroexperten bringen nicht nur Fachkenntnisse, sondern auch jahrelange Erfahrung mit. Sie k\u00f6nnen sich darauf verlassen, dass Ihre Anlagen in den besten H\u00e4nden sind.<\/p>\n<p>[\/et_pb_blurb][\/et_pb_column][et_pb_column type=&#8220;1_2&#8243; _builder_version=&#8220;4.23.1&#8243; _module_preset=&#8220;default&#8220; global_colors_info=&#8220;{}&#8220;][et_pb_blurb title=&#8220;Sicherheit f\u00fcr Sie und Ihre Umgebung&#8220; use_icon=&#8220;on&#8220; font_icon=&#8220;&#xe0d9;||divi||400&#8243; _builder_version=&#8220;4.24.1&#8243; _module_preset=&#8220;default&#8220; body_line_height=&#8220;1.55em&#8220; global_colors_info=&#8220;{}&#8220;]<\/p>\n<p>Ein ordnungsgem\u00e4\u00df gepr\u00fcftes elektrisches System sch\u00fctzt nicht nur Ihre Familie und Mitarbeiter, sondern auch Ihr Eigentum vor m\u00f6glichen Gefahren.<\/p>\n<p>[\/et_pb_blurb][\/et_pb_column][\/et_pb_row][et_pb_row _builder_version=&#8220;4.23.1&#8243; _module_preset=&#8220;default&#8220; animation_style=&#8220;slide&#8220; animation_direction=&#8220;left&#8220; animation_duration=&#8220;800ms&#8220; global_colors_info=&#8220;{}&#8220;][et_pb_column type=&#8220;4_4&#8243; _builder_version=&#8220;4.23.1&#8243; _module_preset=&#8220;default&#8220; global_colors_info=&#8220;{}&#8220;][et_pb_cta title=&#8220;Vertrauen Sie auf Expertise&#8220; button_url=&#8220;@ET-DC@eyJkeW5hbWljIjp0cnVlLCJjb250ZW50IjoicG9zdF9saW5rX3VybF9wYWdlIiwic2V0dGluZ3MiOnsicG9zdF9pZCI6IjI1MDM3MyJ9fQ==@&#8220; button_text=&#8220;Sofortige Terminvereinbarung&#8220; _builder_version=&#8220;4.23.1&#8243; _dynamic_attributes=&#8220;button_url&#8220; _module_preset=&#8220;default&#8220; global_colors_info=&#8220;{}&#8220;]<\/p>\n<p>Kontaktieren Sie uns jetzt kostenlos, um mehr \u00fcber unseren E-Check zu erfahren! \ud83d\udcab\ud83c\udf1f<\/p>\n<p>[\/et_pb_cta][\/et_pb_column][\/et_pb_row][\/et_pb_section]<\/p>\n","protected":false},"excerpt":{"rendered":"<p>Pr\u00fcfung elektrischer Anlagen Ihre Sicherheit liegt uns am Herzen. Deshalb bieten wir Ihnen den verl\u00e4sslichen und zertifizierten E-Check f\u00fcr elektrische Anlagen, der nach den strengen VDE-Richtlinien durchgef\u00fchrt wird. Unser erfahrenes Team von Elektroexperten sorgt daf\u00fcr, dass Ihre elektrischen Anlagen nicht nur den h\u00f6chsten Sicherheitsstandards entsprechen, sondern auch reibungslos und effizient funktionieren.<div class=\"et_pb_module dsm_button dsm_button_0 et_pb_bg_layout_light\">\n\t\t\t\t\n\t\t\t\t\n\t\t\t\t\n\t\t\t\t\n\t\t\t\t\n\t\t\t\t\n\t\t\t\t<div class=\"et_pb_module_inner\">\n\t\t\t\t\t<div class=\"et_pb_button_module_wrappers dsm_button_0_wrapper  et_pb_module\">\n\t\t\t\t<a class=\"et_pb_button et_pb_button_one et_pb_bg_layout_light dsm-none \"  href=#unsere-leistungen data-dsm-lightbox-id=\"dsm_button_one_lightbox dsm_button_0\"><span>Unsere Leistungen<\/span><\/a><a class=\"et_pb_button et_pb_button_two et_pb_bg_layout_light dsm-none \"  href=#warum-uns-waehlen data-dsm-lightbox-id=\"dsm_button_two_lightbox dsm_button_0\"><span>Warum wir<\/span><\/a>\n\t\t\t<\/div>\n\t\t\t\t<\/div>\n\t\t\t<\/div>Unsere LeistungenWir f\u00fchren gr\u00fcndliche und pr\u00e4zise Pr\u00fcfungen durch, um sicherzustellen, dass Ihre elektrischen Anlagen den aktuellen Normen entsprechen. Verlassen Sie sich darauf, dass Ihre Installationen in sicheren H\u00e4nden sind.Unsere Pr\u00fcfungen werden nach den VDE-Vorschriften durchgef\u00fchrt, den h\u00f6chsten Standards in der Elektrotechnik. Ihre Anlagen werden bis ins Detail \u00fcberpr\u00fcft, um maximale Sicherheit zu gew\u00e4hrleisten.Falls bei der Pr\u00fcfung Unregelm\u00e4\u00dfigkeiten festgestellt werden, k\u00fcmmern wir uns um alle erforderlichen Reparaturen und Modernisierungen. Sie erhalten von uns umfassende L\u00f6sungen aus einer Hand.Egal, ob es sich um Ihr Zuhause, Ihr B\u00fcro oder eine industrielle Anlage handelt &#8211; wir bieten unseren E-Check-Service f\u00fcr eine Vielzahl von elektrischen Anlagen an.Warum uns w\u00e4hlenWir \u00fcberlassen nichts dem Zufall. Ihre elektrische Anlage wird gr\u00fcndlich \u00fcberpr\u00fcft, um h\u00f6chste Sicherheit zu gew\u00e4hrleisten.Unsere effizienten Pr\u00fcfverfahren minimieren Ausfallzeiten und helfen Ihnen, langfristig Kosten zu sparen, indem sie Probleme fr\u00fchzeitig erkennen.Unsere zertifizierten Elektroexperten bringen nicht nur Fachkenntnisse, [&hellip;]<\/p>\n","protected":false},"author":1,"featured_media":0,"parent":24,"menu_order":240,"comment_status":"closed","ping_status":"closed","template":"","meta":{"_et_pb_use_builder":"on","_et_pb_old_content":"<!-- wp:divi\/placeholder \/-->","_et_gb_content_width":"","footnotes":""},"folder":[5],"class_list":["post-38","page","type-page","status-publish","hentry"],"_links":{"self":[{"href":"https:\/\/www.elektro-bechtold.com\/en\/wp-json\/wp\/v2\/pages\/38","targetHints":{"allow":["GET"]}}],"collection":[{"href":"https:\/\/www.elektro-bechtold.com\/en\/wp-json\/wp\/v2\/pages"}],"about":[{"href":"https:\/\/www.elektro-bechtold.com\/en\/wp-json\/wp\/v2\/types\/page"}],"author":[{"embeddable":true,"href":"https:\/\/www.elektro-bechtold.com\/en\/wp-json\/wp\/v2\/users\/1"}],"replies":[{"embeddable":true,"href":"https:\/\/www.elektro-bechtold.com\/en\/wp-json\/wp\/v2\/comments?post=38"}],"version-history":[{"count":12,"href":"https:\/\/www.elektro-bechtold.com\/en\/wp-json\/wp\/v2\/pages\/38\/revisions"}],"predecessor-version":[{"id":252560,"href":"https:\/\/www.elektro-bechtold.com\/en\/wp-json\/wp\/v2\/pages\/38\/revisions\/252560"}],"up":[{"embeddable":true,"href":"https:\/\/www.elektro-bechtold.com\/en\/wp-json\/wp\/v2\/pages\/24"}],"wp:attachment":[{"href":"https:\/\/www.elektro-bechtold.com\/en\/wp-json\/wp\/v2\/media?parent=38"}],"wp:term":[{"taxonomy":"folder","embeddable":true,"href":"https:\/\/www.elektro-bechtold.com\/en\/wp-json\/wp\/v2\/folder?post=38"}],"curies":[{"name":"wp","href":"https:\/\/api.w.org\/{rel}","templated":true}]}}