{"id":251601,"date":"2025-06-12T12:45:27","date_gmt":"2025-06-12T10:45:27","guid":{"rendered":"https:\/\/www.elektro-bechtold.com\/?page_id=251601"},"modified":"2026-02-13T10:31:14","modified_gmt":"2026-02-13T09:31:14","slug":"historie-2","status":"publish","type":"page","link":"https:\/\/www.elektro-bechtold.com\/en\/start\/historie-2\/","title":{"rendered":"Historie 2"},"content":{"rendered":"<p>[et_pb_section fb_built=&#8220;1&#8243; admin_label=&#8220;#unsere-leistungen&#8220; module_id=&#8220;unsere-leistungen&#8220; _builder_version=&#8220;4.27.4&#8243; _module_preset=&#8220;default&#8220; background_color=&#8220;rgba(205,225,222,0.5)&#8220; height=&#8220;1070px&#8220; max_height=&#8220;1083px&#8220; custom_margin=&#8220;||-429px|||&#8220; custom_padding=&#8220;0px||78px||false|false&#8220; border_width_all=&#8220;0px&#8220; global_colors_info=&#8220;{}&#8220;][et_pb_row column_structure=&#8220;3_5,2_5&#8243; _builder_version=&#8220;4.27.5&#8243; _module_preset=&#8220;default&#8220; min_height=&#8220;1187.9px&#8220; custom_margin=&#8220;-4px|auto|-356px|auto|false|false&#8220; custom_padding=&#8220;33px||0px||false|false&#8220; animation_style=&#8220;zoom&#8220; animation_direction=&#8220;left&#8220; animation_duration=&#8220;800ms&#8220; hover_enabled=&#8220;0&#8243; global_colors_info=&#8220;{}&#8220; sticky_enabled=&#8220;0&#8243;][et_pb_column type=&#8220;3_5&#8243; _builder_version=&#8220;4.23.1&#8243; _module_preset=&#8220;default&#8220; global_colors_info=&#8220;{}&#8220;][et_pb_text _builder_version=&#8220;4.27.4&#8243; _module_preset=&#8220;default&#8220; text_line_height=&#8220;1.55em&#8220; header_font_size=&#8220;50px&#8220; header_line_height=&#8220;1.1em&#8220; global_colors_info=&#8220;{}&#8220;]<\/p>\n<h1><strong>100 Jahre <\/strong><\/h1>\n<h1><strong>Elektro Bechtold!<\/strong><\/h1>\n<p class=\"p1\"><strong>Die Anf\u00e4nge \u2013 mit dem Handwagen zur Baustelle<\/strong><\/p>\n<p class=\"p2\">Im Jahr 1925 begann alles mit einem motivierten Mann, seinem Werkzeug und einem Handkarren: Heinrich Bechtold, Elektromeister aus Leidenschaft.<\/p>\n<p class=\"p2\">Seine Baustellen? Haupts\u00e4chlich in Privathaushalten \u2013 oft jedoch nicht direkt um die Ecke. Doch das hielt ihn nicht auf! Heinrich zog zu Fu\u00df oder mit dem Fahrrad los, das Material immer dabei. Eine Anekdote erz\u00e4hlt von einem sp\u00e4teren Mitarbeiter, der bei Frost mit einer sechs Meter langen Leiter auf dem Drahtesel zum Kunden radelte.<\/p>\n<p class=\"p2\">Wichtig war nur eins: Die Arbeit musste hochwertig und z\u00fcgig erledigt werden.<\/p>\n<p>[\/et_pb_text][dsm_button button_one_id=&#8220;#meister-auf-dem-acker&#8220; button_two_id=&#8220;#die-firma-heute&#8220; button_one_text=&#8220;So ging es weiter&#8220; button_one_url=&#8220;#der-meister-auf-dem-acker&#8220; button_two_text=&#8220;Die Firma heute&#8220; button_two_url=&#8220;#die-firma-heute&#8220; button_alignment=&#8220;left&#8220; button_one_text_tablet=&#8220;So ging es weiter&#8220; button_one_text_phone=&#8220;So ging es weiter&#8220; button_one_text_last_edited=&#8220;on|phone&#8220; button_two_text_tablet=&#8220;Die Firma heute&#8220; button_two_text_phone=&#8220;Die Firma heute&#8220; button_two_text_last_edited=&#8220;on|phone&#8220; _builder_version=&#8220;4.27.4&#8243; _module_preset=&#8220;default&#8220; custom_button_one=&#8220;on&#8220; button_one_text_size=&#8220;16px&#8220; button_one_use_icon=&#8220;off&#8220; custom_button_two=&#8220;on&#8220; button_two_text_size=&#8220;16px&#8220; button_two_bg_color=&#8220;#820F4D&#8220; button_two_use_icon=&#8220;off&#8220; button_one_text_size_tablet=&#8220;16px&#8220; button_one_text_size_phone=&#8220;12px&#8220; button_one_text_size_last_edited=&#8220;on|phone&#8220; button_one_bg_color_tablet=&#8220;#820F4D&#8220; button_one_bg_color_phone=&#8220;#820F4D&#8220; button_one_bg_color_last_edited=&#8220;on|phone&#8220; button_one_bg_enable_color_tablet=&#8220;on&#8220; button_one_bg_enable_color_phone=&#8220;on&#8220; button_two_text_size_tablet=&#8220;16px&#8220; button_two_text_size_phone=&#8220;12px&#8220; button_two_text_size_last_edited=&#8220;on|phone&#8220; global_colors_info=&#8220;{}&#8220;][\/dsm_button][\/et_pb_column][et_pb_column type=&#8220;2_5&#8243; _builder_version=&#8220;4.23.1&#8243; _module_preset=&#8220;default&#8220; global_colors_info=&#8220;{}&#8220;][et_pb_image src=&#8220;https:\/\/www.elektro-bechtold.com\/wp-content\/uploads\/2025\/06\/Elektro-Bechtold-Hostorie-11770-x-1282-px.jpg&#8220; alt=&#8220;a man pumping gas into his car at a gas station&#8220; title_text=&#8220;Elektro Bechtold Hostorie 1(1770 x 1282 px)&#8220; _builder_version=&#8220;4.27.4&#8243; _module_preset=&#8220;default&#8220; border_radii=&#8220;on|3px|3px|3px|3px&#8220; global_colors_info=&#8220;{}&#8220;][\/et_pb_image][et_pb_image src=&#8220;https:\/\/www.elektro-bechtold.com\/wp-content\/uploads\/2025\/06\/Elektro-Bechtold-Historie-Handkarren-Schild1770-x-1282.jpg&#8220; alt=&#8220;a man pumping gas into his car at a gas station&#8220; title_text=&#8220;Elektro Bechtold Historie Handkarren Schild1770 x 1282&#8243; show_bottom_space=&#8220;off&#8220; _builder_version=&#8220;4.27.4&#8243; _module_preset=&#8220;default&#8220; max_width=&#8220;100%&#8220; min_height=&#8220;153.1px&#8220; custom_margin=&#8220;||0px|||&#8220; custom_padding=&#8220;||3px|||&#8220; border_radii=&#8220;on|3px|3px|3px|3px&#8220; global_colors_info=&#8220;{}&#8220;][\/et_pb_image][\/et_pb_column][\/et_pb_row][et_pb_row column_structure=&#8220;1_2,1_2&#8243; use_custom_gutter=&#8220;on&#8220; gutter_width=&#8220;1&#8243; make_equal=&#8220;on&#8220; _builder_version=&#8220;4.27.5&#8243; _module_preset=&#8220;default&#8220; width=&#8220;100%&#8220; max_width=&#8220;100%&#8220; min_height=&#8220;661px&#8220; custom_margin=&#8220;|auto|-82px|auto|false|false&#8220; custom_padding=&#8220;49px||49px||true|false&#8220; hover_enabled=&#8220;0&#8243; global_colors_info=&#8220;{}&#8220; sticky_enabled=&#8220;0&#8243;][et_pb_column type=&#8220;1_2&#8243; _builder_version=&#8220;4.27.4&#8243; _module_preset=&#8220;default&#8220; background_enable_image=&#8220;off&#8220; background_size=&#8220;custom&#8220; background_image_width=&#8220;82%&#8220; custom_padding=&#8220;150px||150px||true|false&#8220; background_last_edited=&#8220;on|desktop&#8220; background_image_width_phone=&#8220;100%&#8220; global_colors_info=&#8220;{}&#8220;][et_pb_image src=&#8220;https:\/\/www.elektro-bechtold.com\/wp-content\/uploads\/2025\/06\/Elektro-Bechtold-Historie5-Lothars-Gesellenstueck-1770-x-1282.jpg&#8220; title_text=&#8220;Elektro Bechtold Historie5 Lothars Gesellenstu\u0308ck 1770 x 1282&#8243; _builder_version=&#8220;4.27.5&#8243; _module_preset=&#8220;default&#8220; custom_margin=&#8220;-119px||-145px||false|false&#8220; custom_padding=&#8220;0px|||||&#8220; hover_enabled=&#8220;0&#8243; global_colors_info=&#8220;{}&#8220; max_width=&#8220;81%&#8220; width=&#8220;100%&#8220; sticky_enabled=&#8220;0&#8243; module_alignment=&#8220;center&#8220; align=&#8220;center&#8220; module_alignment_last_edited=&#8220;off|desktop&#8220;][\/et_pb_image][\/et_pb_column][et_pb_column type=&#8220;1_2&#8243; _builder_version=&#8220;4.27.4&#8243; _module_preset=&#8220;default&#8220; background_enable_image=&#8220;off&#8220; background_size=&#8220;custom&#8220; background_image_width=&#8220;81%&#8220; custom_padding=&#8220;96px||96px||true|false&#8220; background_last_edited=&#8220;on|phone&#8220; global_colors_info=&#8220;{}&#8220;][et_pb_image src=&#8220;https:\/\/www.elektro-bechtold.com\/wp-content\/uploads\/2025\/06\/Elektro-Bechtold-Historie6-Lothar-Rainer-1770-x-1282.jpg&#8220; title_text=&#8220;Elektro Bechtold Historie6 Lothar Rainer 1770 x 1282&#8243; _builder_version=&#8220;4.27.5&#8243; _module_preset=&#8220;default&#8220; custom_margin=&#8220;-65px||-45px||false|false&#8220; custom_padding=&#8220;0px|||||&#8220; hover_enabled=&#8220;0&#8243; global_colors_info=&#8220;{}&#8220; sticky_enabled=&#8220;0&#8243; max_width=&#8220;81%&#8220; module_alignment=&#8220;center&#8220;][\/et_pb_image][\/et_pb_column][\/et_pb_row][et_pb_row admin_label=&#8220;#der-meister-auf-dem-acker&#8220; module_id=&#8220;der-meister-auf-dem-acker&#8220; _builder_version=&#8220;4.27.4&#8243; _module_preset=&#8220;default&#8220; min_height=&#8220;80px&#8220; custom_padding=&#8220;0px||0px|||&#8220; animation_style=&#8220;zoom&#8220; global_colors_info=&#8220;{}&#8220;][et_pb_column type=&#8220;4_4&#8243; _builder_version=&#8220;4.23.1&#8243; _module_preset=&#8220;default&#8220; global_colors_info=&#8220;{}&#8220;][et_pb_text _builder_version=&#8220;4.27.5&#8243; _module_preset=&#8220;default&#8220; header_line_height=&#8220;2em&#8220; header_2_text_align=&#8220;center&#8220; min_height=&#8220;68px&#8220; custom_margin=&#8220;7px||-1px|0px|false|false&#8220; custom_padding=&#8220;0px||0px||false|false&#8220; hover_enabled=&#8220;0&#8243; header_font_size_phone=&#8220;12px&#8220; global_colors_info=&#8220;{}&#8220; sticky_enabled=&#8220;0&#8243;]<\/p>\n<h1 style=\"text-align: left;\"><span style=\"font-size: xx-large;\"><strong>Der Meister auf dem Acker<\/strong><\/span><\/h1>\n<p>[\/et_pb_text][\/et_pb_column][\/et_pb_row][et_pb_row column_structure=&#8220;1_2,1_2&#8243; module_id=&#8220;#meister-auf-dem-acker&#8220; _builder_version=&#8220;4.27.4&#8243; _module_preset=&#8220;default&#8220; min_height=&#8220;929.9px&#8220; custom_margin=&#8220;0px|auto|-381px|auto|false|false&#8220; animation_style=&#8220;slide&#8220; animation_direction=&#8220;right&#8220; scroll_vertical_motion=&#8220;0|20|20|100|4|0|-4&#8243; motion_trigger_start=&#8220;top&#8220; global_colors_info=&#8220;{}&#8220;][et_pb_column type=&#8220;1_2&#8243; _builder_version=&#8220;4.23.1&#8243; _module_preset=&#8220;default&#8220; global_colors_info=&#8220;{}&#8220;][et_pb_blurb title=&#8220;Die 2. Generation&#8220; image=&#8220;https:\/\/www.elektro-bechtold.com\/wp-content\/uploads\/2025\/06\/Elektro-Bechtold-Historie-4-Wilhelm-Bechtold-1770-x-1282.jpg&#8220; image_icon_width=&#8220;92%&#8220; icon_alignment=&#8220;left&#8220; image_icon_width_tablet=&#8220;92%&#8220; image_icon_width_phone=&#8220;92%&#8220; image_icon_width_last_edited=&#8220;on|desktop&#8220; _builder_version=&#8220;4.27.5&#8243; _module_preset=&#8220;default&#8220; body_line_height=&#8220;1.55em&#8220; custom_margin=&#8220;-32px||||false|false&#8220; custom_padding=&#8220;1px|||||&#8220; hover_enabled=&#8220;0&#8243; global_colors_info=&#8220;{}&#8220; sticky_enabled=&#8220;0&#8243;]<\/p>\n<p class=\"p1\">1965 \u00fcbernahm Wilhelm Bechtold das Gesch\u00e4ft seines Vaters. Er erweiterte den Kundenstamm, gewann neue Betriebe als Auftraggeber hinzu und stellte zus\u00e4tzliche Mitarbeiter ein.<\/p>\n<p class=\"p1\" style=\"text-align: left;\">Doch wie schon sein Vater kannte auch Wilhelm nach Feierabend keine Ruhe auf der Couch. Stattdessen hie\u00df es:<\/p>\n<p class=\"p1\" style=\"text-align: left;\">\u201eAb auf den Acker!\u201c \u2013 bis die Dunkelheit einsetzte. Die Landwirtschaft war damals ein wichtiger Nebenverdienst.<\/p>\n<p class=\"p1\">So wurde tags\u00fcber Elektrik installiert und danach noch die ein oder andere Kartoffel geerntet.<\/p>\n<p>[\/et_pb_blurb][\/et_pb_column][et_pb_column type=&#8220;1_2&#8243; _builder_version=&#8220;4.23.1&#8243; _module_preset=&#8220;default&#8220; global_colors_info=&#8220;{}&#8220;][et_pb_blurb title=&#8220;Vom Fernsehverkauf zur Satellitenanlage&#8220; image=&#8220;https:\/\/www.elektro-bechtold.com\/wp-content\/uploads\/2025\/06\/Gross-DSC02345-tp_Lothar-Bechtold.jpeg&#8220; image_icon_width=&#8220;104%&#8220; icon_alignment=&#8220;left&#8220; _builder_version=&#8220;4.27.5&#8243; _module_preset=&#8220;default&#8220; body_line_height=&#8220;1.55em&#8220; min_height=&#8220;550.7px&#8220; custom_margin=&#8220;-31px||||false|false&#8220; custom_padding=&#8220;0px|||||&#8220; hover_enabled=&#8220;0&#8243; global_colors_info=&#8220;{}&#8220; sticky_enabled=&#8220;0&#8243;]<\/p>\n<p class=\"p2\">Ab 1978 modernisierte Lothar Bechtold den Familienbetrieb in dritter Generation. Neben Elektroinstallationen verkaufte Elektro Bechtold nun auch Waschmaschinen, Fernsehger\u00e4te und Antennenanlagen. Hinzu kamen Satellitentechnik &amp; Video\u00fcberwachung.<\/p>\n<p class=\"p1\">Zu den zufriedenen Kunden z\u00e4hlten neben Architekten, Hauseigent\u00fcmern und -verwaltern auch Industrieunternehmen sowie \u00f6ffentliche Auftraggeber wie St\u00e4dte, Kommunen und Beh\u00f6rden des Landes.<\/p>\n<p>[\/et_pb_blurb][\/et_pb_column][\/et_pb_row][\/et_pb_section][et_pb_section fb_built=&#8220;1&#8243; _builder_version=&#8220;4.23.1&#8243; _module_preset=&#8220;default&#8220; min_height=&#8220;1047.8px&#8220; custom_margin=&#8220;184px||-327px|||&#8220; custom_padding=&#8220;0px||0px||true|false&#8220; hover_enabled=&#8220;0&#8243; global_colors_info=&#8220;{}&#8220; sticky_enabled=&#8220;0&#8243;][\/et_pb_section][et_pb_section fb_built=&#8220;1&#8243; admin_label=&#8220;#warum-uns-waehlen&#8220; module_id=&#8220;warum-uns-waehlen&#8220; _builder_version=&#8220;4.23.1&#8243; _module_preset=&#8220;default&#8220; background_enable_color=&#8220;off&#8220; min_height=&#8220;1635.6px&#8220; custom_margin=&#8220;-8px|||||&#8220; custom_padding=&#8220;1px||0px|||&#8220; global_colors_info=&#8220;{}&#8220;][et_pb_row _builder_version=&#8220;4.23.1&#8243; _module_preset=&#8220;default&#8220; min_height=&#8220;1135.3px&#8220; custom_margin=&#8220;-10px|auto|-29px|auto||&#8220; custom_padding=&#8220;42px|||||&#8220; global_colors_info=&#8220;{}&#8220;][et_pb_column type=&#8220;4_4&#8243; _builder_version=&#8220;4.23.1&#8243; _module_preset=&#8220;default&#8220; global_colors_info=&#8220;{}&#8220;][et_pb_text admin_label=&#8220;#die-firma-heute&#8220; module_id=&#8220;die-firma-heute&#8220; _builder_version=&#8220;4.27.5&#8243; _module_preset=&#8220;default&#8220; header_2_text_align=&#8220;center&#8220; min_height=&#8220;68.6px&#8220; custom_margin=&#8220;-78px||||false|false&#8220; custom_padding=&#8220;108px|||||&#8220; hover_enabled=&#8220;0&#8243; global_colors_info=&#8220;{}&#8220; sticky_enabled=&#8220;0&#8243;]<\/p>\n<h2 style=\"text-align: left;\"><span style=\"font-size: xx-large;\"><strong>Ein Betrieb mit Teamgeist<\/strong><\/span><\/h2>\n<p>[\/et_pb_text][\/et_pb_column][\/et_pb_row][et_pb_row column_structure=&#8220;1_2,1_2&#8243; _builder_version=&#8220;4.23.1&#8243; _module_preset=&#8220;default&#8220; min_height=&#8220;850.4px&#8220; custom_margin=&#8220;-486px|auto||auto||&#8220; custom_padding=&#8220;0px|||||&#8220; global_colors_info=&#8220;{}&#8220;][et_pb_column type=&#8220;1_2&#8243; _builder_version=&#8220;4.23.1&#8243; _module_preset=&#8220;default&#8220; global_colors_info=&#8220;{}&#8220;][et_pb_blurb title=&#8220;Expertise und Innovation&#8220; url=&#8220;http:\/\/Die%20Firma%20heute&#8220; image=&#8220;https:\/\/www.elektro-bechtold.com\/wp-content\/uploads\/2025\/06\/Elektro-Bechtold-Historie-Tim-Hermann-1770-x-1282.jpg&#8220; image_icon_width=&#8220;77%&#8220; icon_alignment=&#8220;left&#8220; icon_placement_tablet=&#8220;&#8220; icon_placement_phone=&#8220;&#8220; icon_placement_last_edited=&#8220;on|desktop&#8220; _builder_version=&#8220;4.27.4&#8243; _module_preset=&#8220;default&#8220; body_line_height=&#8220;1.55em&#8220; min_height=&#8220;623.8px&#8220; custom_padding=&#8220;||0px|||&#8220; link_option_url=&#8220;#die-firma-heute&#8220; global_colors_info=&#8220;{}&#8220;]<\/p>\n<p class=\"p1\">Seit 2017 f\u00fchrt Tim Hermann das Unternehmen. Er ist gelernter Tischler, hat aber auf Energie- und Geb\u00e4udetechnik umgeschult und dann den Techniker draufgesattelt.<\/p>\n<p class=\"p1\">Viele Mitarbeiter haben hier ihre Ausbildung gemacht und sind geblieben. Der Teamgeist ist stark. Man hilft einander und h\u00e4lt zusammen.<\/p>\n<p class=\"p1\">Tim Hermann dazu: \u201eEs ist ganz einfach ein famili\u00e4res Umfeld. Man hat Spa\u00df miteinander.\u201c<\/p>\n<p class=\"p1\">Das zeigt sich auch bei den regelm\u00e4\u00dfigen Betriebsfesten, wie der Weihnachtsfeier. Sie sind l\u00e4ngst zu einem festen Ritual geworden.<\/p>\n<p>[\/et_pb_blurb][\/et_pb_column][et_pb_column type=&#8220;1_2&#8243; _builder_version=&#8220;4.23.1&#8243; _module_preset=&#8220;default&#8220; global_colors_info=&#8220;{}&#8220;][et_pb_blurb title=&#8220;Engagement in der Stadt Gie\u00dfen&#8220; image=&#8220;https:\/\/www.elektro-bechtold.com\/wp-content\/uploads\/2024\/09\/A7401780_Canva-topaz-face-sharpen.jpeg&#8220; image_icon_width=&#8220;101%&#8220; icon_alignment=&#8220;left&#8220; _builder_version=&#8220;4.27.4&#8243; _module_preset=&#8220;default&#8220; body_line_height=&#8220;1.55em&#8220; global_colors_info=&#8220;{}&#8220;]<\/p>\n<p class=\"p1\">Aus einem kleinen lokalen Betrieb ist ein leistungsstarkes Unternehmen mit hochqualifiziertem Fachpersonal f\u00fcr Gie\u00dfen und die Region gewachsen.<\/p>\n<p class=\"p1\">Ob private Haushalte oder \u00f6ffentliche Projekte, Elektro Bechtold ist f\u00fcr alle da! Mit Flexibilit\u00e4t und Fachwissen meistern die Experten sowohl klassische Elektroinstallationen als auch moderne Smart-Home-L\u00f6sungen und bieten zudem innovative Konzepte f\u00fcr E-Mobilit\u00e4t an. Die Pr\u00e4senz im Raum Gie\u00dfen ist kaum noch zu \u00fcbersehen &#8211; nicht zuletzt durch die zahlreichen Firmenfahrzeuge im Stadtbild.<\/p>\n<p class=\"p1\">Wer also einen erstklassigen Partner f\u00fcr Elektroinstallationen und mehr sucht, ist bei Elektro Bechtold genau richtig.<\/p>\n<p>[\/et_pb_blurb][\/et_pb_column][\/et_pb_row][et_pb_row column_structure=&#8220;1_2,1_2&#8243; _builder_version=&#8220;4.23.1&#8243; _module_preset=&#8220;default&#8220; global_colors_info=&#8220;{}&#8220;][et_pb_column type=&#8220;1_2&#8243; _builder_version=&#8220;4.23.1&#8243; _module_preset=&#8220;default&#8220; global_colors_info=&#8220;{}&#8220;][et_pb_blurb title=&#8220;Seit 100 Jahren Ihr Elektro-Team in Gie\u00dfen&#8220; use_icon=&#8220;on&#8220; font_icon=&#8220;&#xf2b5;||fa||400&#8243; _builder_version=&#8220;4.27.4&#8243; _module_preset=&#8220;default&#8220; body_line_height=&#8220;1.55em&#8220; global_colors_info=&#8220;{}&#8220;]<\/p>\n<p>Wir sind nicht nur f\u00fcr die Installation da, sondern auch f\u00fcr die langfristige Partnerschaft. Von der Planung bis zur Wartung sind wir an Ihrer Seite, um sicherzustellen, dass Ihre Ladesysteme optimal funktionieren.<\/p>\n<p>[\/et_pb_blurb][\/et_pb_column][et_pb_column type=&#8220;1_2&#8243; _builder_version=&#8220;4.23.1&#8243; _module_preset=&#8220;default&#8220; global_colors_info=&#8220;{}&#8220;][et_pb_blurb title=&#8220;Zukunftssicherheit&#8220; use_icon=&#8220;on&#8220; font_icon=&#8220;&#xe02a;||divi||400&#8243; _builder_version=&#8220;4.23.1&#8243; _module_preset=&#8220;default&#8220; body_line_height=&#8220;1.55em&#8220; global_colors_info=&#8220;{}&#8220;]<\/p>\n<p>Mit unseren L\u00f6sungen sind Sie nicht nur f\u00fcr heute, sondern auch f\u00fcr die Zukunft ger\u00fcstet. Elektromobilit\u00e4t und erneuerbare Energien sind der Weg nach vorn, und wir helfen Ihnen, diesen Weg zu gehen.<\/p>\n<p>[\/et_pb_blurb][\/et_pb_column][\/et_pb_row][et_pb_row _builder_version=&#8220;4.23.1&#8243; _module_preset=&#8220;default&#8220; animation_style=&#8220;slide&#8220; animation_direction=&#8220;left&#8220; animation_duration=&#8220;800ms&#8220; global_colors_info=&#8220;{}&#8220;][et_pb_column type=&#8220;4_4&#8243; _builder_version=&#8220;4.23.1&#8243; _module_preset=&#8220;default&#8220; global_colors_info=&#8220;{}&#8220;][et_pb_cta title=&#8220;Vertrauen Sie auf Expertise&#8220; button_url=&#8220;@ET-DC@eyJkeW5hbWljIjp0cnVlLCJjb250ZW50IjoicG9zdF9saW5rX3VybF9wYWdlIiwic2V0dGluZ3MiOnsicG9zdF9pZCI6IjI1MDM3MyJ9fQ==@&#8220; button_text=&#8220;Sofortige Terminvereinbarung&#8220; _builder_version=&#8220;4.23.1&#8243; _dynamic_attributes=&#8220;button_url&#8220; _module_preset=&#8220;default&#8220; global_colors_info=&#8220;{}&#8220;]<\/p>\n<p>Vertrauen Sie auf unsere Expertise, wenn es um Elektroinstallationen geht. Kontaktieren Sie uns noch heute f\u00fcr eine kostenlose Beratung.<\/p>\n<p>[\/et_pb_cta][\/et_pb_column][\/et_pb_row][\/et_pb_section]<\/p>\n","protected":false},"excerpt":{"rendered":"<p>100 Jahre Elektro Bechtold! Die Anf\u00e4nge \u2013 mit dem Handwagen zur Baustelle Im Jahr 1925 begann alles mit einem motivierten Mann, seinem Werkzeug und einem Handkarren: Heinrich Bechtold, Elektromeister aus Leidenschaft. Seine Baustellen? Haupts\u00e4chlich in Privathaushalten \u2013 oft jedoch nicht direkt um die Ecke. Doch das hielt ihn nicht auf! Heinrich zog zu Fu\u00df oder mit dem Fahrrad los, das Material immer dabei. Eine Anekdote erz\u00e4hlt von einem sp\u00e4teren Mitarbeiter, der bei Frost mit einer sechs Meter langen Leiter auf dem Drahtesel zum Kunden radelte. Wichtig war nur eins: Die Arbeit musste hochwertig und z\u00fcgig erledigt werden.<div class=\"et_pb_module dsm_button dsm_button_0 et_pb_bg_layout_light\">\n\t\t\t\t\n\t\t\t\t\n\t\t\t\t\n\t\t\t\t\n\t\t\t\t\n\t\t\t\t\n\t\t\t\t<div class=\"et_pb_module_inner\">\n\t\t\t\t\t<div class=\"et_pb_button_module_wrappers dsm_button_0_wrapper et_pb_button_alignment_left et_pb_module\">\n\t\t\t\t<a id=\"#meister-auf-dem-acker\" class=\"et_pb_button et_pb_button_one et_pb_bg_layout_light dsm-none \"  href=#der-meister-auf-dem-acker data-dsm-lightbox-id=\"dsm_button_one_lightbox dsm_button_0\"><span>So ging es weiter<\/span><\/a><a id=\"#die-firma-heute\" class=\"et_pb_button et_pb_button_two et_pb_bg_layout_light dsm-none \"  href=#die-firma-heute data-dsm-lightbox-id=\"dsm_button_two_lightbox dsm_button_0\"><span>Die Firma heute<\/span><\/a>\n\t\t\t<\/div>\n\t\t\t\t<\/div>\n\t\t\t<\/div>Der Meister auf dem Acker1965 \u00fcbernahm Wilhelm Bechtold das Gesch\u00e4ft seines Vaters. Er erweiterte den Kundenstamm, gewann neue Betriebe als Auftraggeber hinzu und stellte zus\u00e4tzliche Mitarbeiter ein. Doch wie schon sein Vater kannte auch Wilhelm nach Feierabend keine Ruhe auf der Couch. Stattdessen hie\u00df es: \u201eAb auf den Acker!\u201c \u2013 bis die Dunkelheit einsetzte. Die [&hellip;]<\/p>\n","protected":false},"author":2,"featured_media":0,"parent":21,"menu_order":260,"comment_status":"closed","ping_status":"closed","template":"","meta":{"_et_pb_use_builder":"on","_et_pb_old_content":"<!-- wp:divi\/placeholder \/-->","_et_gb_content_width":"","footnotes":""},"folder":[5],"class_list":["post-251601","page","type-page","status-publish","hentry"],"_links":{"self":[{"href":"https:\/\/www.elektro-bechtold.com\/en\/wp-json\/wp\/v2\/pages\/251601","targetHints":{"allow":["GET"]}}],"collection":[{"href":"https:\/\/www.elektro-bechtold.com\/en\/wp-json\/wp\/v2\/pages"}],"about":[{"href":"https:\/\/www.elektro-bechtold.com\/en\/wp-json\/wp\/v2\/types\/page"}],"author":[{"embeddable":true,"href":"https:\/\/www.elektro-bechtold.com\/en\/wp-json\/wp\/v2\/users\/2"}],"replies":[{"embeddable":true,"href":"https:\/\/www.elektro-bechtold.com\/en\/wp-json\/wp\/v2\/comments?post=251601"}],"version-history":[{"count":108,"href":"https:\/\/www.elektro-bechtold.com\/en\/wp-json\/wp\/v2\/pages\/251601\/revisions"}],"predecessor-version":[{"id":252464,"href":"https:\/\/www.elektro-bechtold.com\/en\/wp-json\/wp\/v2\/pages\/251601\/revisions\/252464"}],"up":[{"embeddable":true,"href":"https:\/\/www.elektro-bechtold.com\/en\/wp-json\/wp\/v2\/pages\/21"}],"wp:attachment":[{"href":"https:\/\/www.elektro-bechtold.com\/en\/wp-json\/wp\/v2\/media?parent=251601"}],"wp:term":[{"taxonomy":"folder","embeddable":true,"href":"https:\/\/www.elektro-bechtold.com\/en\/wp-json\/wp\/v2\/folder?post=251601"}],"curies":[{"name":"wp","href":"https:\/\/api.w.org\/{rel}","templated":true}]}}