{"id":250449,"date":"2023-11-14T07:47:11","date_gmt":"2023-11-14T06:47:11","guid":{"rendered":"https:\/\/www.elektro-bechtold.com\/?page_id=250449"},"modified":"2024-02-16T20:04:03","modified_gmt":"2024-02-16T19:04:03","slug":"sicherheitstechnik","status":"publish","type":"page","link":"https:\/\/www.elektro-bechtold.com\/en\/leistungen\/sicherheitstechnik\/","title":{"rendered":"Security technology"},"content":{"rendered":"<p>[et_pb_section fb_built=&#8220;1&#8243; admin_label=&#8220;#einleitung-leistungen&#8220; module_id=&#8220;einleitung-leistungen&#8220; _builder_version=&#8220;4.23.1&#8243; _module_preset=&#8220;default&#8220; custom_padding=&#8220;15px||||false|false&#8220; global_colors_info=&#8220;{}&#8220;][et_pb_row column_structure=&#8220;3_5,2_5&#8243; _builder_version=&#8220;4.24.0&#8243; _module_preset=&#8220;default&#8220; animation_style=&#8220;zoom&#8220; animation_direction=&#8220;left&#8220; animation_duration=&#8220;800ms&#8220; global_colors_info=&#8220;{}&#8220;][et_pb_column type=&#8220;3_5&#8243; _builder_version=&#8220;4.23.1&#8243; _module_preset=&#8220;default&#8220; global_colors_info=&#8220;{}&#8220;][et_pb_text _builder_version=&#8220;4.23.1&#8243; _module_preset=&#8220;default&#8220; text_line_height=&#8220;1.55em&#8220; header_font_size=&#8220;50px&#8220; header_line_height=&#8220;1.1em&#8220; custom_margin=&#8220;||15px||false|false&#8220; global_colors_info=&#8220;{}&#8220;]<\/p>\n<h1>Sicherheitstechnik<\/h1>\n<p>Wir sch\u00fctzen, was Ihnen am wichtigsten ist. Unsere Experten f\u00fcr Sicherheitstechnik sind Ihre vertrauensw\u00fcrdigen Partner bei der Erstellung und Umsetzung fortschrittlicher Sicherheitskonzepte. Von der Planung bis zur Installation von hochmodernen Alarmanlagen und \u00dcberwachungstechnik sorgen wir daf\u00fcr, dass Sie und Ihre Lieben in guten H\u00e4nden sind.<\/p>\n<p>[\/et_pb_text][et_pb_text _builder_version=&#8220;4.23.1&#8243; _module_preset=&#8220;default&#8220; text_font=&#8220;|600|||||||&#8220; text_line_height=&#8220;1.55em&#8220; global_colors_info=&#8220;{}&#8220;]<\/p>\n<p>Erstellung sowie Umsetzung von Sicherheitskonzepten, Installation von Alarmanlagen und \u00dcberwachungstechnik.<\/p>\n<p>[\/et_pb_text][dsm_button button_one_text=&#8220;Unsere Leistungen&#8220; button_one_url=&#8220;#unsere-leistungen&#8220; button_two_text=&#8220;Warum wir&#8220; button_two_url=&#8220;#warum-uns-waehlen&#8220; _builder_version=&#8220;4.23.1&#8243; _module_preset=&#8220;default&#8220; global_colors_info=&#8220;{}&#8220;][\/dsm_button][\/et_pb_column][et_pb_column type=&#8220;2_5&#8243; _builder_version=&#8220;4.23.1&#8243; _module_preset=&#8220;default&#8220; global_colors_info=&#8220;{}&#8220;][et_pb_image src=&#8220;https:\/\/www.elektro-bechtold.com\/wp-content\/uploads\/2023\/11\/zbtyrfceas0.jpg&#8220; alt=&#8220;white security camera on post&#8220; title_text=&#8220;Photo by Pawel Czerwinski&#8220; _builder_version=&#8220;4.23.1&#8243; _module_preset=&#8220;default&#8220; border_radii=&#8220;on|3px|3px|3px|3px&#8220; global_colors_info=&#8220;{}&#8220;][\/et_pb_image][\/et_pb_column][\/et_pb_row][\/et_pb_section][et_pb_section fb_built=&#8220;1&#8243; admin_label=&#8220;#unsere-leistungen&#8220; module_id=&#8220;unsere-leistungen&#8220; _builder_version=&#8220;4.23.1&#8243; _module_preset=&#8220;default&#8220; background_color=&#8220;rgba(205,225,222,0.5)&#8220; global_colors_info=&#8220;{}&#8220;][et_pb_row _builder_version=&#8220;4.23.1&#8243; _module_preset=&#8220;default&#8220; global_colors_info=&#8220;{}&#8220;][et_pb_column type=&#8220;4_4&#8243; _builder_version=&#8220;4.23.1&#8243; _module_preset=&#8220;default&#8220; global_colors_info=&#8220;{}&#8220;][et_pb_text admin_label=&#8220;H2-\u00dcberschrift %22Unsere Leistungen%22&#8243; _builder_version=&#8220;4.23.1&#8243; _module_preset=&#8220;default&#8220; header_2_text_align=&#8220;center&#8220; global_colors_info=&#8220;{}&#8220;]<\/p>\n<h2>Unsere Leistungen<\/h2>\n<p>[\/et_pb_text][\/et_pb_column][\/et_pb_row][et_pb_row column_structure=&#8220;1_2,1_2&#8243; _builder_version=&#8220;4.23.1&#8243; _module_preset=&#8220;default&#8220; scroll_vertical_motion=&#8220;0|20|20|100|4|0|-4&#8243; motion_trigger_start=&#8220;top&#8220; global_colors_info=&#8220;{}&#8220;][et_pb_column type=&#8220;1_2&#8243; _builder_version=&#8220;4.23.1&#8243; _module_preset=&#8220;default&#8220; global_colors_info=&#8220;{}&#8220;][et_pb_blurb title=&#8220;Individuelle Sicherheitskonzepte&#8220; use_icon=&#8220;on&#8220; font_icon=&#8220;&#x6c;||divi||400&#8243; admin_label=&#8220;Infotext %22Individuelle Sicherheitskonzepte%22&#8243; _builder_version=&#8220;4.23.1&#8243; _module_preset=&#8220;default&#8220; body_line_height=&#8220;1.55em&#8220; global_colors_info=&#8220;{}&#8220;]<\/p>\n<p>Ma\u00dfgeschneidert auf Ihre Bed\u00fcrfnisse und Ihr Budget. Wir analysieren Ihr Zuhause oder Gesch\u00e4ft und entwickeln ein Sicherheitskonzept, das genau auf Sie zugeschnitten ist.<\/p>\n<p>[\/et_pb_blurb][\/et_pb_column][et_pb_column type=&#8220;1_2&#8243; _builder_version=&#8220;4.23.1&#8243; _module_preset=&#8220;default&#8220; global_colors_info=&#8220;{}&#8220;][et_pb_blurb title=&#8220;Hochmoderne Anlagen&#8220; use_icon=&#8220;on&#8220; font_icon=&#8220;&#xe00b;||divi||400&#8243; admin_label=&#8220;Infotext %22Hochmoderne Alarmanlagen%22&#8243; _builder_version=&#8220;4.24.1&#8243; _module_preset=&#8220;default&#8220; body_line_height=&#8220;1.55em&#8220; hover_enabled=&#8220;0&#8243; global_colors_info=&#8220;{}&#8220; sticky_enabled=&#8220;0&#8243;]<\/p>\n<p>Unsere Alarmanlagen funktionieren zuverl\u00e4ssig. Sie reagieren sofort auf jede verd\u00e4chtige Bewegung und sch\u00fctzen so Ihr Eigentum rund um die Uhr.<\/p>\n<p>[\/et_pb_blurb][\/et_pb_column][\/et_pb_row][et_pb_row column_structure=&#8220;1_2,1_2&#8243; _builder_version=&#8220;4.23.1&#8243; _module_preset=&#8220;default&#8220; scroll_vertical_motion=&#8220;0|20|20|100|4|0|-4&#8243; motion_trigger_start=&#8220;top&#8220; global_colors_info=&#8220;{}&#8220;][et_pb_column type=&#8220;1_2&#8243; _builder_version=&#8220;4.23.1&#8243; _module_preset=&#8220;default&#8220; global_colors_info=&#8220;{}&#8220;][et_pb_blurb title=&#8220;Professionelle \u00dcberwachungstechnik&#8220; use_icon=&#8220;on&#8220; font_icon=&#8220;&#xe00f;||divi||400&#8243; admin_label=&#8220;Infotext %22Professionelle \u00dcberwachungstechnik%22&#8243; _builder_version=&#8220;4.23.1&#8243; _module_preset=&#8220;default&#8220; body_line_height=&#8220;1.55em&#8220; global_colors_info=&#8220;{}&#8220;]<\/p>\n<p>Unsere \u00dcberwachungssysteme geben Ihnen die Kontrolle \u00fcber Ihr Zuhause oder Ihr Gesch\u00e4ft, egal wo Sie sind. Mit hochaufl\u00f6senden Kameras und innovativen \u00dcberwachungsl\u00f6sungen behalten Sie alles im Blick.<\/p>\n<p>[\/et_pb_blurb][\/et_pb_column][et_pb_column type=&#8220;1_2&#8243; _builder_version=&#8220;4.23.1&#8243; _module_preset=&#8220;default&#8220; global_colors_info=&#8220;{}&#8220;][et_pb_blurb title=&#8220;Fachm\u00e4nnische Installation&#8220; use_icon=&#8220;on&#8220; font_icon=&#8220;&#xe035;||divi||400&#8243; admin_label=&#8220;Infotext %22Hochmoderne Alarmanlagen%22&#8243; _builder_version=&#8220;4.23.1&#8243; _module_preset=&#8220;default&#8220; body_line_height=&#8220;1.55em&#8220; global_colors_info=&#8220;{}&#8220;]<\/p>\n<p>Unsere geschulten Techniker k\u00fcmmern sich um die fachm\u00e4nnische Installation aller Sicherheitskomponenten. Sie k\u00f6nnen sich darauf verlassen, dass alles perfekt funktioniert.<\/p>\n<p>[\/et_pb_blurb][\/et_pb_column][\/et_pb_row][\/et_pb_section][et_pb_section fb_built=&#8220;1&#8243; _builder_version=&#8220;4.23.1&#8243; _module_preset=&#8220;default&#8220; custom_padding=&#8220;0px||0px||true|false&#8220; global_colors_info=&#8220;{}&#8220;][et_pb_row column_structure=&#8220;1_2,1_2&#8243; use_custom_gutter=&#8220;on&#8220; gutter_width=&#8220;1&#8243; make_equal=&#8220;on&#8220; admin_label=&#8220;Zwei Bilder mit Parallax-Effekt als Trenner&#8220; _builder_version=&#8220;4.23.1&#8243; _module_preset=&#8220;default&#8220; width=&#8220;100%&#8220; max_width=&#8220;100%&#8220; custom_padding=&#8220;0px||0px||true|false&#8220; global_colors_info=&#8220;{}&#8220;][et_pb_column type=&#8220;1_2&#8243; _builder_version=&#8220;4.23.1&#8243; _module_preset=&#8220;default&#8220; background_image=&#8220;https:\/\/www.elektro-bechtold.com\/wp-content\/uploads\/2023\/11\/11465293.jpg&#8220; parallax=&#8220;on&#8220; custom_padding=&#8220;175px||175px||true|false&#8220; global_colors_info=&#8220;{}&#8220;][\/et_pb_column][et_pb_column type=&#8220;1_2&#8243; _builder_version=&#8220;4.23.1&#8243; _module_preset=&#8220;default&#8220; background_image=&#8220;https:\/\/www.elektro-bechtold.com\/wp-content\/uploads\/2023\/11\/ijksskfeqrm.jpg&#8220; parallax=&#8220;on&#8220; custom_padding=&#8220;125px||125px||true|false&#8220; global_colors_info=&#8220;{}&#8220;][\/et_pb_column][\/et_pb_row][\/et_pb_section][et_pb_section fb_built=&#8220;1&#8243; admin_label=&#8220;#warum-uns-waehlen&#8220; module_id=&#8220;warum-uns-waehlen&#8220; _builder_version=&#8220;4.23.1&#8243; _module_preset=&#8220;default&#8220; background_enable_color=&#8220;off&#8220; global_colors_info=&#8220;{}&#8220;][et_pb_row _builder_version=&#8220;4.23.1&#8243; _module_preset=&#8220;default&#8220; global_colors_info=&#8220;{}&#8220;][et_pb_column type=&#8220;4_4&#8243; _builder_version=&#8220;4.23.1&#8243; _module_preset=&#8220;default&#8220; global_colors_info=&#8220;{}&#8220;][et_pb_text admin_label=&#8220;H2-\u00dcberschrift %22Warum uns w\u00e4hlen%22&#8243; _builder_version=&#8220;4.23.1&#8243; _module_preset=&#8220;default&#8220; header_2_text_align=&#8220;center&#8220; global_colors_info=&#8220;{}&#8220;]<\/p>\n<h2>Warum uns w\u00e4hlen<\/h2>\n<p>[\/et_pb_text][\/et_pb_column][\/et_pb_row][et_pb_row column_structure=&#8220;1_2,1_2&#8243; _builder_version=&#8220;4.23.1&#8243; _module_preset=&#8220;default&#8220; global_colors_info=&#8220;{}&#8220;][et_pb_column type=&#8220;1_2&#8243; _builder_version=&#8220;4.23.1&#8243; _module_preset=&#8220;default&#8220; global_colors_info=&#8220;{}&#8220;][et_pb_blurb title=&#8220;Ihre Sicherheit ist unsere Priorit\u00e4t&#8220; use_icon=&#8220;on&#8220; font_icon=&#8220;&#xe0d9;||divi||400&#8243; admin_label=&#8220;Infotext %22Ihre Sicherheit ist unsere Priorit\u00e4t%22&#8243; _builder_version=&#8220;4.23.1&#8243; _module_preset=&#8220;default&#8220; body_line_height=&#8220;1.55em&#8220; global_colors_info=&#8220;{}&#8220;]<\/p>\n<p>Wir verstehen, wie wichtig Ihr Schutz ist. Daher setzen wir alles daran, die sichersten L\u00f6sungen f\u00fcr Sie zu finden.<\/p>\n<p>[\/et_pb_blurb][\/et_pb_column][et_pb_column type=&#8220;1_2&#8243; _builder_version=&#8220;4.23.1&#8243; _module_preset=&#8220;default&#8220; global_colors_info=&#8220;{}&#8220;][et_pb_blurb title=&#8220;Fachkundige Beratung&#8220; use_icon=&#8220;on&#8220; font_icon=&#8220;&#xe066;||divi||400&#8243; admin_label=&#8220;Infotext %22Fachkundige Beratung%22&#8243; _builder_version=&#8220;4.24.1&#8243; _module_preset=&#8220;default&#8220; body_line_height=&#8220;1.55em&#8220; hover_enabled=&#8220;0&#8243; global_colors_info=&#8220;{}&#8220; sticky_enabled=&#8220;0&#8243;]<\/p>\n<p>Unsere Experten stehen Ihnen mit ihrem Wissen und ihrer Erfahrung zur Verf\u00fcgung. Wir erkl\u00e4ren Ihnen alle Optionen und helfen Ihnen, die richtigen Entscheidungen zu treffen.<\/p>\n<p>[\/et_pb_blurb][\/et_pb_column][\/et_pb_row][et_pb_row column_structure=&#8220;1_2,1_2&#8243; _builder_version=&#8220;4.23.1&#8243; _module_preset=&#8220;default&#8220; global_colors_info=&#8220;{}&#8220;][et_pb_column type=&#8220;1_2&#8243; _builder_version=&#8220;4.23.1&#8243; _module_preset=&#8220;default&#8220; global_colors_info=&#8220;{}&#8220;][et_pb_blurb title=&#8220;Schnelle Reaktion im Servicefall&#8220; use_icon=&#8220;on&#8220; font_icon=&#8220;&#xe60d;||divi||400&#8243; admin_label=&#8220;Infotext %22Schnelle Reaktion im Servicefall%22&#8243; _builder_version=&#8220;4.24.1&#8243; _module_preset=&#8220;default&#8220; body_line_height=&#8220;1.55em&#8220; hover_enabled=&#8220;0&#8243; global_colors_info=&#8220;{}&#8220; sticky_enabled=&#8220;0&#8243;]<\/p>\n<p>Im Falle eines Problems sind wir schnell zur Stelle.<\/p>\n<p>[\/et_pb_blurb][\/et_pb_column][et_pb_column type=&#8220;1_2&#8243; _builder_version=&#8220;4.23.1&#8243; _module_preset=&#8220;default&#8220; global_colors_info=&#8220;{}&#8220;][\/et_pb_column][\/et_pb_row][et_pb_row _builder_version=&#8220;4.23.1&#8243; _module_preset=&#8220;default&#8220; animation_style=&#8220;slide&#8220; animation_direction=&#8220;left&#8220; animation_duration=&#8220;800ms&#8220; global_colors_info=&#8220;{}&#8220;][et_pb_column type=&#8220;4_4&#8243; _builder_version=&#8220;4.23.1&#8243; _module_preset=&#8220;default&#8220; global_colors_info=&#8220;{}&#8220;][et_pb_cta title=&#8220;Vertrauen Sie auf Expertise&#8220; button_url=&#8220;@ET-DC@eyJkeW5hbWljIjp0cnVlLCJjb250ZW50IjoicG9zdF9saW5rX3VybF9wYWdlIiwic2V0dGluZ3MiOnsicG9zdF9pZCI6IjI1MDM3MyJ9fQ==@&#8220; button_text=&#8220;Sofortige Terminvereinbarung&#8220; _builder_version=&#8220;4.23.1&#8243; _dynamic_attributes=&#8220;button_url&#8220; _module_preset=&#8220;default&#8220; global_colors_info=&#8220;{}&#8220;]<\/p>\n<p>Kontaktieren Sie uns jetzt, um mehr \u00fcber unsere Sicherheitsl\u00f6sungen zu erfahren!<\/p>\n<p>[\/et_pb_cta][\/et_pb_column][\/et_pb_row][\/et_pb_section]<\/p>\n","protected":false},"excerpt":{"rendered":"<p>Sicherheitstechnik Wir sch\u00fctzen, was Ihnen am wichtigsten ist. Unsere Experten f\u00fcr Sicherheitstechnik sind Ihre vertrauensw\u00fcrdigen Partner bei der Erstellung und Umsetzung fortschrittlicher Sicherheitskonzepte. Von der Planung bis zur Installation von hochmodernen Alarmanlagen und \u00dcberwachungstechnik sorgen wir daf\u00fcr, dass Sie und Ihre Lieben in guten H\u00e4nden sind.Erstellung sowie Umsetzung von Sicherheitskonzepten, Installation von Alarmanlagen und \u00dcberwachungstechnik.<div class=\"et_pb_module dsm_button dsm_button_0 et_pb_bg_layout_light\">\n\t\t\t\t\n\t\t\t\t\n\t\t\t\t\n\t\t\t\t\n\t\t\t\t\n\t\t\t\t\n\t\t\t\t<div class=\"et_pb_module_inner\">\n\t\t\t\t\t<div class=\"et_pb_button_module_wrappers dsm_button_0_wrapper  et_pb_module\">\n\t\t\t\t<a class=\"et_pb_button et_pb_button_one et_pb_bg_layout_light dsm-none \"  href=#unsere-leistungen data-dsm-lightbox-id=\"dsm_button_one_lightbox dsm_button_0\"><span>Unsere Leistungen<\/span><\/a><a class=\"et_pb_button et_pb_button_two et_pb_bg_layout_light dsm-none \"  href=#warum-uns-waehlen data-dsm-lightbox-id=\"dsm_button_two_lightbox dsm_button_0\"><span>Warum wir<\/span><\/a>\n\t\t\t<\/div>\n\t\t\t\t<\/div>\n\t\t\t<\/div>Unsere LeistungenMa\u00dfgeschneidert auf Ihre Bed\u00fcrfnisse und Ihr Budget. Wir analysieren Ihr Zuhause oder Gesch\u00e4ft und entwickeln ein Sicherheitskonzept, das genau auf Sie zugeschnitten ist.Unsere Alarmanlagen funktionieren zuverl\u00e4ssig. Sie reagieren sofort auf jede verd\u00e4chtige Bewegung und sch\u00fctzen so Ihr Eigentum rund um die Uhr.Unsere \u00dcberwachungssysteme geben Ihnen die Kontrolle \u00fcber Ihr Zuhause oder Ihr Gesch\u00e4ft, egal wo Sie sind. Mit hochaufl\u00f6senden Kameras und innovativen \u00dcberwachungsl\u00f6sungen behalten Sie alles im Blick.Unsere geschulten Techniker k\u00fcmmern sich um die fachm\u00e4nnische Installation aller Sicherheitskomponenten. Sie k\u00f6nnen sich darauf verlassen, dass alles perfekt funktioniert.Warum uns w\u00e4hlenWir verstehen, wie wichtig Ihr Schutz ist. Daher setzen wir alles daran, die sichersten L\u00f6sungen f\u00fcr Sie zu finden.Unsere Experten stehen Ihnen mit ihrem Wissen und ihrer Erfahrung zur Verf\u00fcgung. Wir erkl\u00e4ren Ihnen alle Optionen und helfen Ihnen, die richtigen Entscheidungen zu treffen.Im Falle eines Problems sind wir [&hellip;]<\/p>\n","protected":false},"author":1,"featured_media":0,"parent":24,"menu_order":270,"comment_status":"closed","ping_status":"closed","template":"","meta":{"_et_pb_use_builder":"on","_et_pb_old_content":"<!-- wp:divi\/placeholder \/-->","_et_gb_content_width":"","footnotes":""},"folder":[5],"class_list":["post-250449","page","type-page","status-publish","hentry"],"_links":{"self":[{"href":"https:\/\/www.elektro-bechtold.com\/en\/wp-json\/wp\/v2\/pages\/250449","targetHints":{"allow":["GET"]}}],"collection":[{"href":"https:\/\/www.elektro-bechtold.com\/en\/wp-json\/wp\/v2\/pages"}],"about":[{"href":"https:\/\/www.elektro-bechtold.com\/en\/wp-json\/wp\/v2\/types\/page"}],"author":[{"embeddable":true,"href":"https:\/\/www.elektro-bechtold.com\/en\/wp-json\/wp\/v2\/users\/1"}],"replies":[{"embeddable":true,"href":"https:\/\/www.elektro-bechtold.com\/en\/wp-json\/wp\/v2\/comments?post=250449"}],"version-history":[{"count":11,"href":"https:\/\/www.elektro-bechtold.com\/en\/wp-json\/wp\/v2\/pages\/250449\/revisions"}],"predecessor-version":[{"id":250866,"href":"https:\/\/www.elektro-bechtold.com\/en\/wp-json\/wp\/v2\/pages\/250449\/revisions\/250866"}],"up":[{"embeddable":true,"href":"https:\/\/www.elektro-bechtold.com\/en\/wp-json\/wp\/v2\/pages\/24"}],"wp:attachment":[{"href":"https:\/\/www.elektro-bechtold.com\/en\/wp-json\/wp\/v2\/media?parent=250449"}],"wp:term":[{"taxonomy":"folder","embeddable":true,"href":"https:\/\/www.elektro-bechtold.com\/en\/wp-json\/wp\/v2\/folder?post=250449"}],"curies":[{"name":"wp","href":"https:\/\/api.w.org\/{rel}","templated":true}]}}