{"id":24,"date":"2023-10-17T08:51:02","date_gmt":"2023-10-17T06:51:02","guid":{"rendered":"https:\/\/www.elektro-bechtold.com\/?page_id=24"},"modified":"2024-08-31T11:04:19","modified_gmt":"2024-08-31T09:04:19","slug":"leistungen","status":"publish","type":"page","link":"https:\/\/www.elektro-bechtold.com\/en\/leistungen\/","title":{"rendered":"Services"},"content":{"rendered":"<p>[et_pb_section fb_built=&#8220;1&#8243; admin_label=&#8220;#einleitung-leistungen&#8220; module_id=&#8220;einleitung-leistungen&#8220; _builder_version=&#8220;4.23.1&#8243; _module_preset=&#8220;default&#8220; custom_padding=&#8220;15px||||false|false&#8220; global_colors_info=&#8220;{}&#8220;][et_pb_row column_structure=&#8220;3_5,2_5&#8243; _builder_version=&#8220;4.23.1&#8243; _module_preset=&#8220;default&#8220; global_colors_info=&#8220;{}&#8220;][et_pb_column type=&#8220;3_5&#8243; _builder_version=&#8220;4.23.1&#8243; _module_preset=&#8220;default&#8220; global_colors_info=&#8220;{}&#8220;][et_pb_text _builder_version=&#8220;4.23.1&#8243; _module_preset=&#8220;default&#8220; text_line_height=&#8220;1.55em&#8220; header_font_size=&#8220;50px&#8220; header_line_height=&#8220;1.1em&#8220; global_colors_info=&#8220;{}&#8220;]<\/p>\n<h1>Elektroinstallations-Experten <span style=\"color: #820F4D;\">in Gie\u00dfen<\/span>!<\/h1>\n<p>Eine zuverl\u00e4ssige Elektroinstallation ist entscheidend f\u00fcr Privath\u00e4user, Gewerbe, Industrie, \u00f6ffentliche Geb\u00e4ude und vor allem im sensiblen medizinischen Umfeld. Wir stehen f\u00fcr hochwertige und langlebige Elektroinstallationen, die <strong>h\u00f6chste Sicherheits- und Effizienzstandards erf\u00fcllen<\/strong>.[\/et_pb_text][dsm_button button_one_text=&#8220;Unsere Leistungen&#8220; button_one_url=&#8220;#unsere-leistungen&#8220; button_two_text=&#8220;Warum wir&#8220; button_two_url=&#8220;#warum-uns-waehlen&#8220; _builder_version=&#8220;4.23.1&#8243; _module_preset=&#8220;default&#8220; global_colors_info=&#8220;{}&#8220;][\/dsm_button][\/et_pb_column][et_pb_column type=&#8220;2_5&#8243; _builder_version=&#8220;4.23.1&#8243; _module_preset=&#8220;default&#8220; global_colors_info=&#8220;{}&#8220;][et_pb_image src=&#8220;https:\/\/www.elektro-bechtold.com\/wp-content\/uploads\/2023\/03\/A7400956.jpg&#8220; title_text=&#8220;A7400956&#8243; _builder_version=&#8220;4.23.1&#8243; _module_preset=&#8220;default&#8220; border_radii=&#8220;on|3px|3px|3px|3px&#8220; global_colors_info=&#8220;{}&#8220;][\/et_pb_image][\/et_pb_column][\/et_pb_row][\/et_pb_section][et_pb_section fb_built=&#8220;1&#8243; admin_label=&#8220;#unsere-leistungen&#8220; module_id=&#8220;unsere-leistungen&#8220; _builder_version=&#8220;4.23.1&#8243; _module_preset=&#8220;default&#8220; background_color=&#8220;rgba(205,225,222,0.5)&#8220; global_colors_info=&#8220;{}&#8220;][et_pb_row _builder_version=&#8220;4.23.1&#8243; _module_preset=&#8220;default&#8220; global_colors_info=&#8220;{}&#8220;][et_pb_column type=&#8220;4_4&#8243; _builder_version=&#8220;4.23.1&#8243; _module_preset=&#8220;default&#8220; global_colors_info=&#8220;{}&#8220;][et_pb_text _builder_version=&#8220;4.23.1&#8243; _module_preset=&#8220;default&#8220; header_2_text_align=&#8220;center&#8220; global_colors_info=&#8220;{}&#8220;]<\/p>\n<h2>Unsere Leistungen<\/h2>\n<p>[\/et_pb_text][\/et_pb_column][\/et_pb_row][et_pb_row column_structure=&#8220;1_2,1_2&#8243; _builder_version=&#8220;4.23.1&#8243; _module_preset=&#8220;default&#8220; global_colors_info=&#8220;{}&#8220;][et_pb_column type=&#8220;1_2&#8243; _builder_version=&#8220;4.23.1&#8243; _module_preset=&#8220;default&#8220; global_colors_info=&#8220;{}&#8220;][et_pb_blurb title=&#8220;Professionelle Planung und Beratung&#8220; use_icon=&#8220;on&#8220; font_icon=&#8220;&#xe066;||divi||400&#8243; _builder_version=&#8220;4.23.1&#8243; _module_preset=&#8220;default&#8220; body_line_height=&#8220;1.55em&#8220; global_colors_info=&#8220;{}&#8220;]<\/p>\n<p>Unser Team erfahrener Elektriker steht Ihnen zur Seite, um Ihre individuellen Anforderungen zu verstehen und ma\u00dfgeschneiderte Elektroinstallationen zu planen, die perfekt auf Ihre Bed\u00fcrfnisse zugeschnitten sind.<\/p>\n<p>[\/et_pb_blurb][\/et_pb_column][et_pb_column type=&#8220;1_2&#8243; _builder_version=&#8220;4.23.1&#8243; _module_preset=&#8220;default&#8220; global_colors_info=&#8220;{}&#8220;][et_pb_blurb title=&#8220;Elektroinstallationen f\u00fcr Privath\u00e4user&#8220; use_icon=&#8220;on&#8220; font_icon=&#8220;&#xe065;||fa||900&#8243; _builder_version=&#8220;4.23.1&#8243; _module_preset=&#8220;default&#8220; body_line_height=&#8220;1.55em&#8220; global_colors_info=&#8220;{}&#8220;]<\/p>\n<p>Vom Anschluss elektrischer Ger\u00e4te, der Installation, neuer Beleuchtungssysteme bis hin zur Aktualisierung Ihrer gesamten Hausverkabelung &#8211; wir machen Ihr Zuhause sicherer, energieeffizienter und komfortabler.<\/p>\n<p>[\/et_pb_blurb][\/et_pb_column][\/et_pb_row][et_pb_row column_structure=&#8220;1_2,1_2&#8243; _builder_version=&#8220;4.23.1&#8243; _module_preset=&#8220;default&#8220; global_colors_info=&#8220;{}&#8220;][et_pb_column type=&#8220;1_2&#8243; _builder_version=&#8220;4.23.1&#8243; _module_preset=&#8220;default&#8220; global_colors_info=&#8220;{}&#8220;][et_pb_blurb title=&#8220;Gewerbe- und Industrieinstallationen&#8220; use_icon=&#8220;on&#8220; font_icon=&#8220;&#xf275;||fa||900&#8243; _builder_version=&#8220;4.23.1&#8243; _module_preset=&#8220;default&#8220; body_line_height=&#8220;1.55em&#8220; global_colors_info=&#8220;{}&#8220;]Wir bieten umfassende Elektroinstallationen f\u00fcr Unternehmen und Industrieanlagen, um einen reibungslosen Betrieb zu gew\u00e4hrleisten und Produktivit\u00e4t zu steigern.[\/et_pb_blurb][\/et_pb_column][et_pb_column type=&#8220;1_2&#8243; _builder_version=&#8220;4.23.1&#8243; _module_preset=&#8220;default&#8220; global_colors_info=&#8220;{}&#8220;][et_pb_blurb title=&#8220;Spezialisierte L\u00f6sungen f\u00fcr das medizinische Umfeld&#8220; use_icon=&#8220;on&#8220; font_icon=&#8220;&#xf7e6;||fa||900&#8243; _builder_version=&#8220;4.23.1&#8243; _module_preset=&#8220;default&#8220; body_line_height=&#8220;1.55em&#8220; global_colors_info=&#8220;{}&#8220;]<\/p>\n<p>Unsere Elektriker sind geschult, um Elektroinstallationen in medizinischen Einrichtungen durchzuf\u00fchren, unter Beachtung aller erforderlichen Standards.<\/p>\n<p>[\/et_pb_blurb][\/et_pb_column][\/et_pb_row][et_pb_row column_structure=&#8220;1_2,1_2&#8243; _builder_version=&#8220;4.23.1&#8243; _module_preset=&#8220;default&#8220; global_colors_info=&#8220;{}&#8220;][et_pb_column type=&#8220;1_2&#8243; _builder_version=&#8220;4.23.1&#8243; _module_preset=&#8220;default&#8220; global_colors_info=&#8220;{}&#8220;][et_pb_blurb title=&#8220;\u00d6ffentliche Geb\u00e4ude&#8220; use_icon=&#8220;on&#8220; font_icon=&#8220;&#xf66f;||fa||900&#8243; _builder_version=&#8220;4.23.1&#8243; _module_preset=&#8220;default&#8220; body_line_height=&#8220;1.55em&#8220; global_colors_info=&#8220;{}&#8220;]<\/p>\n<p>Von Schulen \u00fcber Beh\u00f6rden bis hin zu Gemeindeeinrichtungen &#8211; wir schaffen elektrische Infrastrukturen, die den Anforderungen \u00f6ffentlicher Einrichtungen gerecht werden.<\/p>\n<p>[\/et_pb_blurb][\/et_pb_column][et_pb_column type=&#8220;1_2&#8243; _builder_version=&#8220;4.23.1&#8243; _module_preset=&#8220;default&#8220; global_colors_info=&#8220;{}&#8220;][et_pb_blurb title=&#8220;Sprech- und Rufanlagen&#8220; use_icon=&#8220;on&#8220; font_icon=&#8220;&#xe068;||divi||400&#8243; _builder_version=&#8220;4.23.1&#8243; _module_preset=&#8220;default&#8220; body_line_height=&#8220;1.55em&#8220; global_colors_info=&#8220;{}&#8220;]<\/p>\n<p>Unsere Sprech- und Rufanlagen sind nicht nur einfach in der Bedienung, sondern auch hochsicher. Egal, ob Sie den Zugang zu einem Geb\u00e4ude kontrollieren oder intern kommunizieren m\u00fcssen, unsere Systeme sind darauf ausgelegt, Ihre Anforderungen zu erf\u00fcllen.<\/p>\n<p>[\/et_pb_blurb][\/et_pb_column][\/et_pb_row][et_pb_row column_structure=&#8220;1_2,1_2&#8243; _builder_version=&#8220;4.23.1&#8243; _module_preset=&#8220;default&#8220; global_colors_info=&#8220;{}&#8220;][et_pb_column type=&#8220;1_2&#8243; _builder_version=&#8220;4.23.1&#8243; _module_preset=&#8220;default&#8220; global_colors_info=&#8220;{}&#8220;][et_pb_blurb title=&#8220;Professionelle Installation&#8220; use_icon=&#8220;on&#8220; font_icon=&#8220;&#xe035;||divi||400&#8243; _builder_version=&#8220;4.23.1&#8243; _module_preset=&#8220;default&#8220; body_line_height=&#8220;1.55em&#8220; global_colors_info=&#8220;{}&#8220;]<\/p>\n<p>Unsere erfahrenen Techniker installieren Satelliten- und Antennensysteme mit h\u00f6chster Sorgfalt. Wir finden den optimalen Standort f\u00fcr den Empfang und k\u00fcmmern uns um alle Verkabelungen f\u00fcr ein nahtloses Setup.<\/p>\n<p>[\/et_pb_blurb][\/et_pb_column][et_pb_column type=&#8220;1_2&#8243; _builder_version=&#8220;4.23.1&#8243; _module_preset=&#8220;default&#8220; global_colors_info=&#8220;{}&#8220;][et_pb_blurb title=&#8220;Reparatur und Wartung&#8220; use_icon=&#8220;on&#8220; font_icon=&#8220;&#xf552;||fa||900&#8243; _builder_version=&#8220;4.23.1&#8243; _module_preset=&#8220;default&#8220; body_line_height=&#8220;1.55em&#8220; global_colors_info=&#8220;{}&#8220;]<\/p>\n<p>Wenn Ihr Empfang gest\u00f6rt ist, sind wir zur Stelle. Unsere Experten f\u00fchren schnelle Reparaturen durch und bieten regelm\u00e4\u00dfige Wartungsdienste, um sicherzustellen, dass Ihr System immer in Topform ist.<\/p>\n<p>&nbsp;<\/p>\n<p>[\/et_pb_blurb][\/et_pb_column][\/et_pb_row][\/et_pb_section][et_pb_section fb_built=&#8220;1&#8243; _builder_version=&#8220;4.23.1&#8243; _module_preset=&#8220;default&#8220; background_image=&#8220;https:\/\/www.elektro-bechtold.com\/wp-content\/uploads\/2023\/11\/2069758.jpg&#8220; parallax=&#8220;on&#8220; custom_padding=&#8220;100px||100px||true|false&#8220; global_colors_info=&#8220;{}&#8220;][\/et_pb_section][et_pb_section fb_built=&#8220;1&#8243; admin_label=&#8220;#warum-uns-waehlen&#8220; module_id=&#8220;warum-uns-waehlen&#8220; _builder_version=&#8220;4.23.1&#8243; _module_preset=&#8220;default&#8220; background_enable_color=&#8220;off&#8220; global_colors_info=&#8220;{}&#8220;][et_pb_row _builder_version=&#8220;4.23.1&#8243; _module_preset=&#8220;default&#8220; global_colors_info=&#8220;{}&#8220;][et_pb_column type=&#8220;4_4&#8243; _builder_version=&#8220;4.23.1&#8243; _module_preset=&#8220;default&#8220; global_colors_info=&#8220;{}&#8220;][et_pb_text _builder_version=&#8220;4.23.1&#8243; _module_preset=&#8220;default&#8220; header_2_text_align=&#8220;center&#8220; global_colors_info=&#8220;{}&#8220;]<\/p>\n<h2>Warum uns w\u00e4hlen<\/h2>\n<p>[\/et_pb_text][\/et_pb_column][\/et_pb_row][et_pb_row column_structure=&#8220;1_2,1_2&#8243; _builder_version=&#8220;4.23.1&#8243; _module_preset=&#8220;default&#8220; global_colors_info=&#8220;{}&#8220;][et_pb_column type=&#8220;1_2&#8243; _builder_version=&#8220;4.23.1&#8243; _module_preset=&#8220;default&#8220; global_colors_info=&#8220;{}&#8220;][et_pb_blurb title=&#8220;Fachkundiges Team&#8220; use_icon=&#8220;on&#8220; font_icon=&#8220;&#xf509;||fa||900&#8243; _builder_version=&#8220;4.23.1&#8243; _module_preset=&#8220;default&#8220; body_line_height=&#8220;1.55em&#8220; global_colors_info=&#8220;{}&#8220;]Unsere zertifizierten Elektriker bringen nicht nur Erfahrung, sondern auch die n\u00f6tigen Fachkenntnissen mit, um Ihnen erstklassige Dienstleistungen zu bieten.[\/et_pb_blurb][\/et_pb_column][et_pb_column type=&#8220;1_2&#8243; _builder_version=&#8220;4.23.1&#8243; _module_preset=&#8220;default&#8220; global_colors_info=&#8220;{}&#8220;][et_pb_blurb title=&#8220;Sicherheit und Zuverl\u00e4ssigkeit&#8220; use_icon=&#8220;on&#8220; font_icon=&#8220;&#xf505;||fa||900&#8243; _builder_version=&#8220;4.23.1&#8243; _module_preset=&#8220;default&#8220; body_line_height=&#8220;1.55em&#8220; global_colors_info=&#8220;{}&#8220;]Wir setzen auf modernste Technologien und h\u00f6chste Sicherheitsstandards, um sicherzustellen, dass Ihre Elektroinstallationen nicht nur effizient, sondern auch sicher sind.[\/et_pb_blurb][\/et_pb_column][\/et_pb_row][et_pb_row column_structure=&#8220;1_2,1_2&#8243; _builder_version=&#8220;4.23.1&#8243; _module_preset=&#8220;default&#8220; global_colors_info=&#8220;{}&#8220;][et_pb_column type=&#8220;1_2&#8243; _builder_version=&#8220;4.23.1&#8243; _module_preset=&#8220;default&#8220; global_colors_info=&#8220;{}&#8220;][et_pb_blurb title=&#8220;P\u00fcnktlichkeit und Pr\u00e4zision&#8220; use_icon=&#8220;on&#8220; font_icon=&#8220;&#x7d;||divi||400&#8243; _builder_version=&#8220;4.23.1&#8243; _module_preset=&#8220;default&#8220; body_line_height=&#8220;1.55em&#8220; global_colors_info=&#8220;{}&#8220;]Wir halten uns an vereinbarte Termine und f\u00fchren die Arbeiten pr\u00e4zise und effizient durch, damit Ihr Alltag so wenig wie m\u00f6glich gest\u00f6rt wird.[\/et_pb_blurb][\/et_pb_column][et_pb_column type=&#8220;1_2&#8243; _builder_version=&#8220;4.23.1&#8243; _module_preset=&#8220;default&#8220; global_colors_info=&#8220;{}&#8220;][et_pb_blurb title=&#8220;Kundenzufriedenheit&#8220; use_icon=&#8220;on&#8220; font_icon=&#8220;&#xf118;||fa||400&#8243; _builder_version=&#8220;4.23.1&#8243; _module_preset=&#8220;default&#8220; body_line_height=&#8220;1.55em&#8220; global_colors_info=&#8220;{}&#8220;]<\/p>\n<p>Ihre Zufriedenheit ist unser gr\u00f6\u00dfter Erfolg. Wir setzen alles daran, sicherzustellen, dass unsere Kunden nicht nur zufrieden, sondern begeistert sind von unserer Arbeit.<\/p>\n<p>[\/et_pb_blurb][\/et_pb_column][\/et_pb_row][et_pb_row _builder_version=&#8220;4.23.1&#8243; _module_preset=&#8220;default&#8220; animation_style=&#8220;slide&#8220; animation_direction=&#8220;left&#8220; animation_duration=&#8220;800ms&#8220; global_colors_info=&#8220;{}&#8220;][et_pb_column type=&#8220;4_4&#8243; _builder_version=&#8220;4.23.1&#8243; _module_preset=&#8220;default&#8220; global_colors_info=&#8220;{}&#8220;][et_pb_cta title=&#8220;Vertrauen Sie auf Expertise&#8220; button_url=&#8220;@ET-DC@eyJkeW5hbWljIjp0cnVlLCJjb250ZW50IjoicG9zdF9saW5rX3VybF9wYWdlIiwic2V0dGluZ3MiOnsicG9zdF9pZCI6IjI1MDM3MyIsImVuYWJsZV9odG1sIjoib2ZmIn19@&#8220; button_text=&#8220;Sofortige Terminvereinbarung&#8220; _builder_version=&#8220;4.23.1&#8243; _dynamic_attributes=&#8220;button_url&#8220; _module_preset=&#8220;default&#8220; global_colors_info=&#8220;{}&#8220;]<\/p>\n<p>Vertrauen Sie auf unsere Expertise, wenn es um Elektroinstallationen geht. Kontaktieren Sie uns noch heute f\u00fcr eine kostenlose Beratung.<\/p>\n<p>[\/et_pb_cta][\/et_pb_column][\/et_pb_row][\/et_pb_section]<\/p>\n","protected":false},"excerpt":{"rendered":"<p>Elektroinstallations-Experten in Gie\u00dfen! Eine zuverl\u00e4ssige Elektroinstallation ist entscheidend f\u00fcr Privath\u00e4user, Gewerbe, Industrie, \u00f6ffentliche Geb\u00e4ude und vor allem im sensiblen medizinischen Umfeld. Wir stehen f\u00fcr hochwertige und langlebige Elektroinstallationen, die h\u00f6chste Sicherheits- und Effizienzstandards erf\u00fcllen.<div class=\"et_pb_module dsm_button dsm_button_0 et_pb_bg_layout_light\">\n\t\t\t\t\n\t\t\t\t\n\t\t\t\t\n\t\t\t\t\n\t\t\t\t\n\t\t\t\t\n\t\t\t\t<div class=\"et_pb_module_inner\">\n\t\t\t\t\t<div class=\"et_pb_button_module_wrappers dsm_button_0_wrapper  et_pb_module\">\n\t\t\t\t<a class=\"et_pb_button et_pb_button_one et_pb_bg_layout_light dsm-none \"  href=#unsere-leistungen data-dsm-lightbox-id=\"dsm_button_one_lightbox dsm_button_0\"><span>Unsere Leistungen<\/span><\/a><a class=\"et_pb_button et_pb_button_two et_pb_bg_layout_light dsm-none \"  href=#warum-uns-waehlen data-dsm-lightbox-id=\"dsm_button_two_lightbox dsm_button_0\"><span>Warum wir<\/span><\/a>\n\t\t\t<\/div>\n\t\t\t\t<\/div>\n\t\t\t<\/div>Unsere LeistungenUnser Team erfahrener Elektriker steht Ihnen zur Seite, um Ihre individuellen Anforderungen zu verstehen und ma\u00dfgeschneiderte Elektroinstallationen zu planen, die perfekt auf Ihre Bed\u00fcrfnisse zugeschnitten sind.Vom Anschluss elektrischer Ger\u00e4te, der Installation, neuer Beleuchtungssysteme bis hin zur Aktualisierung Ihrer gesamten Hausverkabelung &#8211; wir machen Ihr Zuhause sicherer, energieeffizienter und komfortabler.Wir bieten umfassende Elektroinstallationen f\u00fcr Unternehmen und Industrieanlagen, um einen reibungslosen Betrieb zu gew\u00e4hrleisten und Produktivit\u00e4t zu steigern.Unsere Elektriker sind geschult, um Elektroinstallationen in medizinischen Einrichtungen durchzuf\u00fchren, unter Beachtung aller erforderlichen Standards.Von Schulen \u00fcber Beh\u00f6rden bis hin zu Gemeindeeinrichtungen &#8211; wir schaffen elektrische Infrastrukturen, die den Anforderungen \u00f6ffentlicher Einrichtungen gerecht werden.Unsere Sprech- und Rufanlagen sind nicht nur einfach in der Bedienung, sondern auch hochsicher. Egal, ob Sie den Zugang zu einem Geb\u00e4ude kontrollieren oder intern kommunizieren m\u00fcssen, unsere Systeme sind darauf ausgelegt, Ihre Anforderungen zu erf\u00fcllen.Unsere erfahrenen Techniker installieren Satelliten- und Antennensysteme mit h\u00f6chster Sorgfalt. Wir finden den optimalen Standort f\u00fcr den Empfang und k\u00fcmmern uns um alle Verkabelungen [&hellip;]<\/p>\n","protected":false},"author":1,"featured_media":0,"parent":0,"menu_order":210,"comment_status":"closed","ping_status":"closed","template":"","meta":{"_et_pb_use_builder":"on","_et_pb_old_content":"<!-- wp:divi\/placeholder \/-->","_et_gb_content_width":"","footnotes":""},"folder":[5],"class_list":["post-24","page","type-page","status-publish","hentry"],"_links":{"self":[{"href":"https:\/\/www.elektro-bechtold.com\/en\/wp-json\/wp\/v2\/pages\/24","targetHints":{"allow":["GET"]}}],"collection":[{"href":"https:\/\/www.elektro-bechtold.com\/en\/wp-json\/wp\/v2\/pages"}],"about":[{"href":"https:\/\/www.elektro-bechtold.com\/en\/wp-json\/wp\/v2\/types\/page"}],"author":[{"embeddable":true,"href":"https:\/\/www.elektro-bechtold.com\/en\/wp-json\/wp\/v2\/users\/1"}],"replies":[{"embeddable":true,"href":"https:\/\/www.elektro-bechtold.com\/en\/wp-json\/wp\/v2\/comments?post=24"}],"version-history":[{"count":14,"href":"https:\/\/www.elektro-bechtold.com\/en\/wp-json\/wp\/v2\/pages\/24\/revisions"}],"predecessor-version":[{"id":251049,"href":"https:\/\/www.elektro-bechtold.com\/en\/wp-json\/wp\/v2\/pages\/24\/revisions\/251049"}],"wp:attachment":[{"href":"https:\/\/www.elektro-bechtold.com\/en\/wp-json\/wp\/v2\/media?parent=24"}],"wp:term":[{"taxonomy":"folder","embeddable":true,"href":"https:\/\/www.elektro-bechtold.com\/en\/wp-json\/wp\/v2\/folder?post=24"}],"curies":[{"name":"wp","href":"https:\/\/api.w.org\/{rel}","templated":true}]}}